{"id":13,"date":"2024-03-12T02:46:28","date_gmt":"2024-03-12T02:46:28","guid":{"rendered":"https:\/\/www.voimapapu.fi\/?page_id=13"},"modified":"2025-06-17T13:16:39","modified_gmt":"2025-06-17T10:16:39","slug":"tilausehdot","status":"publish","type":"page","link":"https:\/\/www.voimapapu.fi\/en\/tilausehdot\/","title":{"rendered":"FI Tilaus- ja sopimusehdot"},"content":{"rendered":"<h2 class=\"wp-block-heading\"><strong>Toimitusehdot<\/strong><\/h2>\n\n\n\n<p>Voima-Papu Finland Oy \/ Karviaisten tila myy tuotteita yrityksille ja t\u00e4ysi-ik\u00e4isille yksityishenkil\u00f6ille. N\u00e4m\u00e4 toimitusehdot soveltuvat tuotteiden tilaamiseen verkkokaupassamme sek\u00e4 vastaaviin toimituksiin. Tuotteiden hinnat sis\u00e4lt\u00e4v\u00e4t kulloinkin voimassa olevan arvonlis\u00e4veron. Veroerittely n\u00e4kyy ostoskorissa ja tilausvahvistuksessa. Voima-Papu Finland Oy \/ Karviaisten tila pit\u00e4m\u00e4 asiakasrekisteri on luottamuksellinen. Tietoja ei luovuteta eteenp\u00e4in muille. Tilauksen yhteydess\u00e4 tilaajan on ilmoitettava nimi, osoite, s\u00e4hk\u00f6postiosoite ja puhelinnumero. Tilaus on sitova tilaajan saatua kirjallisen tilausvahvistuksen.<\/p>\n\n\n\n<p>N\u00e4m\u00e4 toimitusehtomme ovat voimassa 01.01.2020 alkaen. Voimme muuttaa toimitusehtoja yksipuolisesti aika ajoin, joten tutustuthan toimitusehtoihimme joka kerta etuk\u00e4teen kun tilaat tuotteita verkkokaupastamme.<\/p>\n\n\n\n<p>Verkkokaupan tuotteiden ominaisuudet ja hinnat on esitetty kunkin tuotteen tuote-esittelyn yhteydess\u00e4. Pid\u00e4t\u00e4mme oikeuden hintojen ja toimituskulujen muutoksiin, joten tarkastathan ko. hinnat ostoskorista ennen kuin hyv\u00e4ksyt tilauksen. Tarkasta my\u00f6s tuotteen hinta, joka ilmenee ostoskorissa ja tilausvahvistuksessa.<\/p>\n\n\n\n<p><br>* Tuotteiden hinnat sis\u00e4lt\u00e4v\u00e4t alv 14%.<\/p>\n\n\n\n<p>* Tuotteiden kohdalla ilmoitettu paino on nettopaino.<\/p>\n\n\n\n<p>* Tuotteilla on 14 vuorokauden palautusoikeus. Oikeus koskee ainoastaan avaamattomia, k\u00e4ytt\u00e4m\u00e4tt\u00f6mi\u00e4 ja myyntikelpoisia tuotteita.&nbsp;<strong>Veloitamme palautuskulut (9,90\u20ac) tuotteiden palautuksesta tai noutamatta j\u00e4tetyist\u00e4 tilauksista.<\/strong>&nbsp;<\/p>\n\n\n\n<p>*\u00a0 L\u00e4het\u00e4mme tuotteet max. 14 arkip\u00e4iv\u00e4n sis\u00e4ll\u00e4 tilauksen tekemisest\u00e4.\u00a0Mik\u00e4li tilattu tuote on poikkeuksellisesti p\u00e4\u00e4ssyt loppumaan varastosta, ilmoitetaan siit\u00e4 asiakkaalle s\u00e4hk\u00f6postitse.<\/p>\n\n\n\n<p>* Verkkokauppaan tehtyihin maksettuihin tilauksiin ei ole mahdollista lis\u00e4t\u00e4 tai poistaa tuotteita. My\u00f6sk\u00e4\u00e4n toimitustapaa ei ole mahdollista vaihtaa j\u00e4lkik\u00e4teen.<br><br>* Mik\u00e4li kuluttajalle on toimitettu v\u00e4\u00e4r\u00e4 tuote&nbsp;tai tuote on viallinen, tulee kuluttajan ilmoittaa asiasta viipym\u00e4tt\u00e4 joko s\u00e4hk\u00f6postitse&nbsp;<a href=\"mailto:katriina@karviaistentila.fi\">katriina@karviaistentila.fi<\/a>&nbsp;tai puhelimitse 040 8032235<\/p>\n\n\n\n<p>* Tekem\u00e4ll\u00e4 tilauksen hyv\u00e4ksyt henkil\u00f6tietojesi k\u00e4ytt\u00e4misen.<\/p>\n\n\n\n<h4 class=\"wp-block-heading\"><strong>Verkkokaupan yll\u00e4pit\u00e4j\u00e4<\/strong><\/h4>\n\n\n\n<p>Voima-Papu Finland Oy \/ Karviaisten tila<br>Vartsalantie 115, 25230 Angelniemi<\/p>\n\n\n\n<h1 class=\"wp-block-heading\">Maksu- ja palautusehdot<\/h1>\n\n\n\n<p><strong>Maksaminen verkkokaupassa<\/strong><\/p>\n\n\n\n<p><strong>Maksupalvelutarjoaja<\/strong><\/p>\n\n\n\n<p>Maksunv\u00e4lityspalvelun toteuttajana ja maksupalveluntarjoajana toimii Paytrail Oyj (2122839-7) yhteisty\u00f6ss\u00e4 suomalaisten pankkien ja luottolaitosten kanssa. Paytrail Oyj n\u00e4kyy maksun saajana tiliotteella tai korttilaskulla ja v\u00e4litt\u00e4\u00e4 maksun kauppiaalle. Paytrail Oyj:ll\u00e4 on maksulaitoksen toimilupa. Reklamaatiotapauksissa pyyd\u00e4mme ottamaan ensisijaisesti yhteytt\u00e4 tuotteen toimittajaan.<\/p>\n\n\n\n<p>Paytrail Oyj, y-tunnus: 2122839-7<br>Innova 2<br>Lutakonaukio 7<br>40100 Jyv\u00e4skyl\u00e4<br><a href=\"https:\/\/www.paytrail.com\/\" target=\"_blank\" rel=\"noreferrer noopener\">www.paytrail.com&nbsp;<\/a><\/p>\n\n\n\n<figure class=\"wp-block-image size-full\"><img fetchpriority=\"high\" decoding=\"async\" width=\"800\" height=\"161\" src=\"https:\/\/www.voimapapu.fi\/wp-content\/uploads\/2024\/06\/paytrail-banneri-kaikki-maksutavat.jpg\" alt=\"Paytrail kaikki maksutavat banneri\" class=\"wp-image-424\" srcset=\"https:\/\/www.voimapapu.fi\/wp-content\/uploads\/2024\/06\/paytrail-banneri-kaikki-maksutavat.jpg 800w, https:\/\/www.voimapapu.fi\/wp-content\/uploads\/2024\/06\/paytrail-banneri-kaikki-maksutavat-300x60.jpg 300w, https:\/\/www.voimapapu.fi\/wp-content\/uploads\/2024\/06\/paytrail-banneri-kaikki-maksutavat-768x155.jpg 768w, https:\/\/www.voimapapu.fi\/wp-content\/uploads\/2024\/06\/paytrail-banneri-kaikki-maksutavat-18x4.jpg 18w, https:\/\/www.voimapapu.fi\/wp-content\/uploads\/2024\/06\/paytrail-banneri-kaikki-maksutavat-600x121.jpg 600w\" sizes=\"(max-width: 800px) 100vw, 800px\" \/><\/figure>\n\n\n\n<h4 class=\"wp-block-heading\"><strong>Palautusoikeus<\/strong><\/h4>\n\n\n\n<p>Tuotteilla on 14 vuorokauden palautusoikeus. Palautettavan tuotteen tulee olla avaamaton, k\u00e4ytt\u00e4m\u00e4t\u00f6n ja myyntikelpoinen.&nbsp;<\/p>\n\n\n\n<p><strong>Palautuksesta tulee ilmoittaa ennakkoon s\u00e4hk\u00f6postitse osoitteeseen <a href=\"mailto:katriina@karviaistentila.fi\">katriina@karviaistentila.fi<\/a> tai puhelimitse numeroon 040 803 2235.<\/strong><br><br>Pyyd\u00e4mme ilmoituksessanne kuitenkin yst\u00e4v\u00e4llisesti ilmoittamaan:<\/p>\n\n\n\n<ul class=\"wp-block-list\">\n<li>Palautuksen syyn (mik\u00e4li viottunut tai v\u00e4\u00e4r\u00e4 tuote)<\/li>\n\n\n\n<li>Tilaajan tunnistetiedot (nimi \/ tilausnumero)<\/li>\n\n\n\n<li>Haluatteko vain palauttaa tuotteen ja saada rahat takaisin tilille vai toivotteko, ett\u00e4 l\u00e4het\u00e4mme vastaavan tuotteen vioittuneen tai v\u00e4\u00e4r\u00e4n tuotteen tilalle (ja hyvit\u00e4mme mahdollisen erotuksen).<\/li>\n<\/ul>\n\n\n\n<p>&nbsp;Ilmoituksen j\u00e4lkeen asiakaspalautus tehd\u00e4\u00e4n l\u00e4himp\u00e4\u00e4n Postin pakettipisteeseen.<\/p>\n\n\n\n<h4 class=\"wp-block-heading\"><strong>Tilauksen peruminen<\/strong><\/h4>\n\n\n\n<p>Asiakas voi peruuttaa tilauksensa, mik\u00e4li toimitus ei ole tapahtunut kohtuullisessa ajassa. Tilauksen perumisesta tulee ilmoittaa osoitteeseen&nbsp;<strong><a href=\"mailto:katriina@karviaistentila.fi\">katriina@karviaistentila.fi<\/a> tai puhelimitse numeroon 040 8032235.&nbsp;<\/strong>Ilmoitamme asiakkaillemme s\u00e4hk\u00f6postilla tai puhelimitse, jos toimitusaika eroaa normaalista. Pid\u00e4t\u00e4mme my\u00f6s oikeuden tilauksen perumiseen ja&nbsp;maksun palautukset tehd\u00e4\u00e4n tilauksessa k\u00e4ytetylle maksutavalle.<\/p>\n\n\n\n<h4 class=\"wp-block-heading\"><strong>Noutamattomat tilaukset<\/strong><\/h4>\n\n\n\n<p>Mik\u00e4li asiakas ei nouda tilausta noutopisteest\u00e4 ja se palautuu takaisin myym\u00e4l\u00e4\u00e4mme, voi asiakas halutessaan perua tilauksen tai pyyt\u00e4\u00e4 uutta l\u00e4hetyst\u00e4. Noutamattoman paketin perumisesta v\u00e4henn\u00e4mme asiakkaalle palautettavasta summasta palautumisesta aiheutuneet todelliset l\u00e4hetys- ja palautuskulut. Mik\u00e4li asiakas haluaa, ett\u00e4 myym\u00e4l\u00e4\u00e4mme palautunut tilaus l\u00e4hetet\u00e4\u00e4n uudelleen, perimme palautumisesta aiheutuneet todelliset palautuskulut sek\u00e4 uudelleenl\u00e4hetyksest\u00e4 aiheutuvat l\u00e4hetyskulut.<\/p>\n\n\n\n<p>Noutamatta j\u00e4tt\u00e4minen ei t\u00e4yt\u00e4 14 vrk palautusoikeuden ehtoja eik\u00e4 sit\u00e4 lasketa tilauksen palauttamiseksi.<\/p>\n\n\n\n<p><strong>Verkkolaskutus tiedot<\/strong><\/p>\n\n\n\n<p>Voima-Papu Finland Oy<br>Verkkolaskuosoite: 003728838673<br>Operaattori: Apix Messaging Oy<strong><br>Operaattoritunnus: 003723327487<\/strong><\/p>","protected":false},"excerpt":{"rendered":"<p>Toimitusehdot Voima-Papu Finland Oy \/ Karviaisten tila myy tuotteita yrityksille ja t\u00e4ysi-ik\u00e4isille yksityishenkil\u00f6ille. N\u00e4m\u00e4 toimitusehdot soveltuvat tuotteiden tilaamiseen verkkokaupassamme sek\u00e4 vastaaviin toimituksiin. Tuotteiden hinnat sis\u00e4lt\u00e4v\u00e4t kulloinkin voimassa olevan arvonlis\u00e4veron. Veroerittely n\u00e4kyy ostoskorissa ja tilausvahvistuksessa. Voima-Papu Finland Oy \/ Karviaisten tila pit\u00e4m\u00e4 asiakasrekisteri on luottamuksellinen. Tietoja ei luovuteta eteenp\u00e4in muille. Tilauksen yhteydess\u00e4 tilaajan on ilmoitettava nimi, [&hellip;]<\/p>\n","protected":false},"author":1,"featured_media":0,"parent":0,"menu_order":0,"comment_status":"closed","ping_status":"closed","template":"","meta":{"_monsterinsights_skip_tracking":false,"_monsterinsights_sitenote_active":false,"_monsterinsights_sitenote_note":"","_monsterinsights_sitenote_category":0,"_uf_show_specific_survey":0,"_uf_disable_surveys":false,"footnotes":""},"class_list":["post-13","page","type-page","status-publish","hentry"],"featured_image_src":null,"aioseo_notices":[],"rttpg_featured_image_url":null,"rttpg_author":{"display_name":"admin","author_link":"https:\/\/www.voimapapu.fi\/en\/author\/admin\/"},"rttpg_comment":0,"rttpg_category":null,"rttpg_excerpt":"Toimitusehdot Voima-Papu Finland Oy \/ Karviaisten tila myy tuotteita yrityksille ja t\u00e4ysi-ik\u00e4isille yksityishenkil\u00f6ille. N\u00e4m\u00e4 toimitusehdot soveltuvat tuotteiden tilaamiseen verkkokaupassamme sek\u00e4 vastaaviin toimituksiin. Tuotteiden hinnat sis\u00e4lt\u00e4v\u00e4t kulloinkin voimassa olevan arvonlis\u00e4veron. Veroerittely n\u00e4kyy ostoskorissa ja tilausvahvistuksessa. Voima-Papu Finland Oy \/ Karviaisten tila pit\u00e4m\u00e4 asiakasrekisteri on luottamuksellinen. Tietoja ei luovuteta eteenp\u00e4in muille. Tilauksen yhteydess\u00e4 tilaajan on ilmoitettava nimi,&hellip;","_links":{"self":[{"href":"https:\/\/www.voimapapu.fi\/en\/wp-json\/wp\/v2\/pages\/13","targetHints":{"allow":["GET"]}}],"collection":[{"href":"https:\/\/www.voimapapu.fi\/en\/wp-json\/wp\/v2\/pages"}],"about":[{"href":"https:\/\/www.voimapapu.fi\/en\/wp-json\/wp\/v2\/types\/page"}],"author":[{"embeddable":true,"href":"https:\/\/www.voimapapu.fi\/en\/wp-json\/wp\/v2\/users\/1"}],"replies":[{"embeddable":true,"href":"https:\/\/www.voimapapu.fi\/en\/wp-json\/wp\/v2\/comments?post=13"}],"version-history":[{"count":6,"href":"https:\/\/www.voimapapu.fi\/en\/wp-json\/wp\/v2\/pages\/13\/revisions"}],"predecessor-version":[{"id":1772,"href":"https:\/\/www.voimapapu.fi\/en\/wp-json\/wp\/v2\/pages\/13\/revisions\/1772"}],"wp:attachment":[{"href":"https:\/\/www.voimapapu.fi\/en\/wp-json\/wp\/v2\/media?parent=13"}],"curies":[{"name":"wp","href":"https:\/\/api.w.org\/{rel}","templated":true}]}}