{"id":1967,"date":"2025-11-12T14:55:43","date_gmt":"2025-11-12T12:55:43","guid":{"rendered":"https:\/\/www.voimapapu.fi\/?page_id=1967"},"modified":"2026-03-02T13:02:32","modified_gmt":"2026-03-02T11:02:32","slug":"teollisuus","status":"publish","type":"page","link":"https:\/\/www.voimapapu.fi\/en\/teollisuus\/","title":{"rendered":"Food industry"},"content":{"rendered":"<div data-elementor-type=\"wp-page\" data-elementor-id=\"1967\" class=\"elementor elementor-1967\" data-elementor-post-type=\"page\">\n\t\t\t\t<div class=\"elementor-element elementor-element-63bb6977 e-flex e-con-boxed e-con e-parent\" data-id=\"63bb6977\" data-element_type=\"container\" data-e-type=\"container\">\n\t\t\t\t\t<div class=\"e-con-inner\">\n\t\t\t\t<div class=\"elementor-element elementor-element-6ad8896 elementor-widget elementor-widget-heading\" data-id=\"6ad8896\" data-element_type=\"widget\" data-e-type=\"widget\" data-widget_type=\"heading.default\">\n\t\t\t\t<div class=\"elementor-widget-container\">\n\t\t\t\t\t<h2 class=\"elementor-heading-title elementor-size-default\">Proteiinipitoiset h\u00e4rk\u00e4papu ratkaisut elintarvike teollisuuteen meilt\u00e4<\/h2>\t\t\t\t<\/div>\n\t\t\t\t<\/div>\n\t\t\t\t\t<\/div>\n\t\t\t\t<\/div>\n\t\t<div class=\"elementor-element elementor-element-2408378 e-grid e-con-boxed e-con e-parent\" data-id=\"2408378\" data-element_type=\"container\" data-e-type=\"container\">\n\t\t\t\t\t<div class=\"e-con-inner\">\n\t\t\t\t<div class=\"elementor-element elementor-element-c165514 elementor-widget elementor-widget-text-editor\" data-id=\"c165514\" data-element_type=\"widget\" data-e-type=\"widget\" data-widget_type=\"text-editor.default\">\n\t\t\t\t<div class=\"elementor-widget-container\">\n\t\t\t\t\t\t\t\t\t<h3 data-start=\"256\" data-end=\"288\"><strong>Raw fava bean<\/strong><\/h3><ul><li>Peeled split fava bean<ul><li>Use: tofu, fermentation, pet food<\/li><\/ul><\/li><li>Raw fava bean ground (hulled or de-hulled)<ul><li>For example, for breads and ready-made foods\u00a0<\/li><\/ul><\/li><\/ul><h3 data-start=\"256\" data-end=\"288\"><strong data-start=\"260\" data-end=\"288\">Fava bean flour<\/strong><\/h3><ul><li>\u00a0Available in different degrees of fineness<ul><li>For baking, ready-made foods, breading, animal feed<\/li><\/ul><\/li><\/ul><h3 data-start=\"256\" data-end=\"288\"><strong data-start=\"260\" data-end=\"288\">Roasted fava bean<\/strong><\/h3><ul><li>Whole<\/li><li>\u00a0Ground<ul><li>For ready-made foods and baking<\/li><\/ul><\/li><\/ul><h3 data-start=\"256\" data-end=\"288\"><strong data-start=\"260\" data-end=\"288\">Fava bean concentrate (60% protein)<\/strong><\/h3><ul><li>For ready-made foods and bakery applications<\/li><\/ul><h3><strong>Extruded fava bean<\/strong><\/h3><ul><li>available in various sizes and models, also flavoured:<ul><li>Natural<\/li><li>Chili<\/li><li>Cocoa<\/li><li>For vegan food, breakfast cereals and snacks<\/li><\/ul><\/li><\/ul><p>Meill\u00e4 tuotantotilassamme on oma gluteeniton extruder. Voimme tilauksestanne tehd\u00e4 tuntity\u00f6n\u00e4 erilaisia testituotteita sek\u00e4 suurempia m\u00e4\u00e4ri\u00e4 tilaulksesta.<\/p><p>We pack the products according your order in 20 kg bags or big bags; bulk loading is also possible.<\/p><p>Fava bean contains excellent emulsifying properties which suits for all kinds of thickening and emulsioning needs with clean label. For starch we offer a protein-rich fava bean.<br \/>Our bean factory located in Salo, Southern Finland is agile and fast to serve your needs. <a title=\"CONTACT US\" href=\"https:\/\/www.voimapapu.fi\/en\/ota-yhteytta\/\">CONTACT US<\/a> , so we will send samples to you.\u00a0 <br \/>Production facility is FSSC 22000 sertified by Kiwa. (https:\/\/www.kiwa.com\/en\/)\u00a0<\/p>\t\t\t\t\t\t\t\t<\/div>\n\t\t\t\t<\/div>\n\t\t\t\t<div class=\"elementor-element elementor-element-68fcdb9 elementor-widget elementor-widget-image\" data-id=\"68fcdb9\" data-element_type=\"widget\" data-e-type=\"widget\" data-widget_type=\"image.default\">\n\t\t\t\t<div class=\"elementor-widget-container\">\n\t\t\t\t\t\t\t\t\t\t\t\t<figure class=\"wp-caption\">\n\t\t\t\t\t\t\t\t\t\t<img fetchpriority=\"high\" decoding=\"async\" width=\"768\" height=\"751\" src=\"https:\/\/www.voimapapu.fi\/wp-content\/uploads\/2025\/11\/nelio_teollisuus_PekkaRousi-768x751.jpg\" class=\"attachment-medium_large size-medium_large wp-image-2001\" alt=\"Voiko proteiinia saada liikaa?\" srcset=\"https:\/\/www.voimapapu.fi\/wp-content\/uploads\/2025\/11\/nelio_teollisuus_PekkaRousi-768x751.jpg 768w, https:\/\/www.voimapapu.fi\/wp-content\/uploads\/2025\/11\/nelio_teollisuus_PekkaRousi-300x293.jpg 300w, https:\/\/www.voimapapu.fi\/wp-content\/uploads\/2025\/11\/nelio_teollisuus_PekkaRousi-1024x1001.jpg 1024w, https:\/\/www.voimapapu.fi\/wp-content\/uploads\/2025\/11\/nelio_teollisuus_PekkaRousi-1536x1502.jpg 1536w, https:\/\/www.voimapapu.fi\/wp-content\/uploads\/2025\/11\/nelio_teollisuus_PekkaRousi-2048x2002.jpg 2048w, https:\/\/www.voimapapu.fi\/wp-content\/uploads\/2025\/11\/nelio_teollisuus_PekkaRousi-12x12.jpg 12w, https:\/\/www.voimapapu.fi\/wp-content\/uploads\/2025\/11\/nelio_teollisuus_PekkaRousi-600x587.jpg 600w\" sizes=\"(max-width: 768px) 100vw, 768px\" \/>\t\t\t\t\t\t\t\t\t\t\t<figcaption class=\"widget-image-caption wp-caption-text\">Katriina and Martin Klinckowstr\u00f6m<\/figcaption>\n\t\t\t\t\t\t\t\t\t\t<\/figure>\n\t\t\t\t\t\t\t\t\t<\/div>\n\t\t\t\t<\/div>\n\t\t\t\t\t<\/div>\n\t\t\t\t<\/div>\n\t\t<div class=\"elementor-element elementor-element-a607dc6 e-con-full e-flex e-con e-parent\" data-id=\"a607dc6\" data-element_type=\"container\" data-e-type=\"container\">\n\t\t\t\t<div class=\"elementor-element elementor-element-1686842 elementor-widget elementor-widget-html\" data-id=\"1686842\" data-element_type=\"widget\" data-e-type=\"widget\" data-widget_type=\"html.default\">\n\t\t\t\t<div class=\"elementor-widget-container\">\n\t\t\t\t\t<!-- Groweo Smart Form -->\r\n<div id=\"gw-inpage-form\"><\/div>\t\t\t\t<\/div>\n\t\t\t\t<\/div>\n\t\t\t\t<\/div>\n\t\t<div class=\"elementor-element elementor-element-01d1d4b elementor-hidden-desktop elementor-hidden-tablet elementor-hidden-mobile e-flex e-con-boxed e-con e-parent\" data-id=\"01d1d4b\" data-element_type=\"container\" data-e-type=\"container\">\n\t\t\t\t\t<div class=\"e-con-inner\">\n\t\t\t\t<div class=\"elementor-element elementor-element-8934344 elementor-align-center elementor-widget__width-inherit elementor-widget elementor-widget-button\" data-id=\"8934344\" data-element_type=\"widget\" data-e-type=\"widget\" data-widget_type=\"button.default\">\n\t\t\t\t<div class=\"elementor-widget-container\">\n\t\t\t\t\t\t\t\t\t<div class=\"elementor-button-wrapper\">\n\t\t\t\t\t<a class=\"elementor-button elementor-button-link elementor-size-sm\" href=\"https:\/\/www.voimapapu.fi\/en\/ota-yhteytta\/\">\n\t\t\t\t\t\t<span class=\"elementor-button-content-wrapper\">\n\t\t\t\t\t\t\t\t\t<span class=\"elementor-button-text\">CONTACT AND ASK FOR INQUIRY<\/span>\n\t\t\t\t\t<\/span>\n\t\t\t\t\t<\/a>\n\t\t\t\t<\/div>\n\t\t\t\t\t\t\t\t<\/div>\n\t\t\t\t<\/div>\n\t\t\t\t\t<\/div>\n\t\t\t\t<\/div>\n\t\t\t\t<\/div>","protected":false},"excerpt":{"rendered":"<p>Proteiinipitoiset h\u00e4rk\u00e4papu ratkaisut elintarvike teollisuuteen meilt\u00e4 Raaka h\u00e4rk\u00e4papu Kuorittu puolikas h\u00e4rk\u00e4papu K\u00e4ytt\u00f6tarkoitus: tofu, fermentointiin, lemmikkien ruokaan H\u00e4rk\u00e4papu raaka rouhe (kuorilla tai ilman) esimerkiksi leipiin ja valmisruokiin\u00a0 Jauhettu h\u00e4rk\u00e4papu \u00a0Saatavana eri karkeusasteita leivontaan, valmisruokiin, leivitt\u00e4miseen, el\u00e4inten rehuksi Paahdettu h\u00e4rk\u00e4papu Kokonainen \u00a0Rouhe valmisruokiin ja leivontaan H\u00e4rk\u00e4papukonsentraatti (proteiinia 60%) Valmisruokiin, leivontaan Extruudattu h\u00e4rk\u00e4papu Saatavana eri koossa ja muodoissa, [&hellip;]<\/p>\n","protected":false},"author":1,"featured_media":2001,"parent":0,"menu_order":0,"comment_status":"closed","ping_status":"closed","template":"","meta":{"_monsterinsights_skip_tracking":false,"_monsterinsights_sitenote_active":false,"_monsterinsights_sitenote_note":"","_monsterinsights_sitenote_category":0,"_uf_show_specific_survey":0,"_uf_disable_surveys":false,"footnotes":""},"class_list":["post-1967","page","type-page","status-publish","has-post-thumbnail","hentry"],"featured_image_src":"https:\/\/www.voimapapu.fi\/wp-content\/uploads\/2025\/11\/nelio_teollisuus_PekkaRousi-scaled.jpg","aioseo_notices":[],"rttpg_featured_image_url":{"full":["https:\/\/www.voimapapu.fi\/wp-content\/uploads\/2025\/11\/nelio_teollisuus_PekkaRousi-scaled.jpg",2560,2503,false],"landscape":["https:\/\/www.voimapapu.fi\/wp-content\/uploads\/2025\/11\/nelio_teollisuus_PekkaRousi-scaled.jpg",2560,2503,false],"portraits":["https:\/\/www.voimapapu.fi\/wp-content\/uploads\/2025\/11\/nelio_teollisuus_PekkaRousi-scaled.jpg",2560,2503,false],"thumbnail":["https:\/\/www.voimapapu.fi\/wp-content\/uploads\/2025\/11\/nelio_teollisuus_PekkaRousi-150x150.jpg",150,150,true],"medium":["https:\/\/www.voimapapu.fi\/wp-content\/uploads\/2025\/11\/nelio_teollisuus_PekkaRousi-300x293.jpg",300,293,true],"large":["https:\/\/www.voimapapu.fi\/wp-content\/uploads\/2025\/11\/nelio_teollisuus_PekkaRousi-1024x1001.jpg",800,782,true],"1536x1536":["https:\/\/www.voimapapu.fi\/wp-content\/uploads\/2025\/11\/nelio_teollisuus_PekkaRousi-1536x1502.jpg",1536,1502,true],"2048x2048":["https:\/\/www.voimapapu.fi\/wp-content\/uploads\/2025\/11\/nelio_teollisuus_PekkaRousi-2048x2002.jpg",2048,2002,true],"trp-custom-language-flag":["https:\/\/www.voimapapu.fi\/wp-content\/uploads\/2025\/11\/nelio_teollisuus_PekkaRousi-12x12.jpg",12,12,true],"woocommerce_thumbnail":["https:\/\/www.voimapapu.fi\/wp-content\/uploads\/2025\/11\/nelio_teollisuus_PekkaRousi-300x300.jpg",300,300,true],"woocommerce_single":["https:\/\/www.voimapapu.fi\/wp-content\/uploads\/2025\/11\/nelio_teollisuus_PekkaRousi-600x587.jpg",600,587,true],"woocommerce_gallery_thumbnail":["https:\/\/www.voimapapu.fi\/wp-content\/uploads\/2025\/11\/nelio_teollisuus_PekkaRousi-100x100.jpg",100,100,true]},"rttpg_author":{"display_name":"admin","author_link":"https:\/\/www.voimapapu.fi\/en\/author\/admin\/"},"rttpg_comment":0,"rttpg_category":null,"rttpg_excerpt":"Proteiinipitoiset h\u00e4rk\u00e4papu ratkaisut elintarvike teollisuuteen meilt\u00e4 Raaka h\u00e4rk\u00e4papu Kuorittu puolikas h\u00e4rk\u00e4papu K\u00e4ytt\u00f6tarkoitus: tofu, fermentointiin, lemmikkien ruokaan H\u00e4rk\u00e4papu raaka rouhe (kuorilla tai ilman) esimerkiksi leipiin ja valmisruokiin\u00a0 Jauhettu h\u00e4rk\u00e4papu \u00a0Saatavana eri karkeusasteita leivontaan, valmisruokiin, leivitt\u00e4miseen, el\u00e4inten rehuksi Paahdettu h\u00e4rk\u00e4papu Kokonainen \u00a0Rouhe valmisruokiin ja leivontaan H\u00e4rk\u00e4papukonsentraatti (proteiinia 60%) Valmisruokiin, leivontaan Extruudattu h\u00e4rk\u00e4papu Saatavana eri koossa ja muodoissa,&hellip;","_links":{"self":[{"href":"https:\/\/www.voimapapu.fi\/en\/wp-json\/wp\/v2\/pages\/1967","targetHints":{"allow":["GET"]}}],"collection":[{"href":"https:\/\/www.voimapapu.fi\/en\/wp-json\/wp\/v2\/pages"}],"about":[{"href":"https:\/\/www.voimapapu.fi\/en\/wp-json\/wp\/v2\/types\/page"}],"author":[{"embeddable":true,"href":"https:\/\/www.voimapapu.fi\/en\/wp-json\/wp\/v2\/users\/1"}],"replies":[{"embeddable":true,"href":"https:\/\/www.voimapapu.fi\/en\/wp-json\/wp\/v2\/comments?post=1967"}],"version-history":[{"count":73,"href":"https:\/\/www.voimapapu.fi\/en\/wp-json\/wp\/v2\/pages\/1967\/revisions"}],"predecessor-version":[{"id":2801,"href":"https:\/\/www.voimapapu.fi\/en\/wp-json\/wp\/v2\/pages\/1967\/revisions\/2801"}],"wp:featuredmedia":[{"embeddable":true,"href":"https:\/\/www.voimapapu.fi\/en\/wp-json\/wp\/v2\/media\/2001"}],"wp:attachment":[{"href":"https:\/\/www.voimapapu.fi\/en\/wp-json\/wp\/v2\/media?parent=1967"}],"curies":[{"name":"wp","href":"https:\/\/api.w.org\/{rel}","templated":true}]}}