{"id":2106,"date":"2026-01-15T14:56:35","date_gmt":"2026-01-15T12:56:35","guid":{"rendered":"https:\/\/www.voimapapu.fi\/?page_id=2106"},"modified":"2026-03-22T16:52:54","modified_gmt":"2026-03-22T14:52:54","slug":"blogi","status":"publish","type":"page","link":"https:\/\/www.voimapapu.fi\/en\/blogi\/","title":{"rendered":"BLOGI"},"content":{"rendered":"<div data-elementor-type=\"wp-page\" data-elementor-id=\"2106\" class=\"elementor elementor-2106\" data-elementor-post-type=\"page\">\n\t\t\t\t<div class=\"elementor-element elementor-element-d2eafd1 e-flex e-con-boxed e-con e-parent\" data-id=\"d2eafd1\" data-element_type=\"container\" data-e-type=\"container\">\n\t\t\t\t\t<div class=\"e-con-inner\">\n\t\t\t\t<div class=\"elementor-element elementor-element-7d0ff75 elementor-widget elementor-widget-heading\" data-id=\"7d0ff75\" data-element_type=\"widget\" data-e-type=\"widget\" data-widget_type=\"heading.default\">\n\t\t\t\t<div class=\"elementor-widget-container\">\n\t\t\t\t\t<h2 class=\"elementor-heading-title elementor-size-default\">T\u00e4\u00e4lt\u00e4 l\u00f6yd\u00e4t tietoa h\u00e4rk\u00e4pavusta ja yrityksest\u00e4 Voima-Papujen takana<\/h2>\t\t\t\t<\/div>\n\t\t\t\t<\/div>\n\t\t\t\t\t<\/div>\n\t\t\t\t<\/div>\n\t\t<div class=\"elementor-element elementor-element-7a3fbbe e-flex e-con-boxed e-con e-parent\" data-id=\"7a3fbbe\" data-element_type=\"container\" data-e-type=\"container\">\n\t\t\t\t\t<div class=\"e-con-inner\">\n\t\t\t\t<div class=\"elementor-element elementor-element-e12187e title_position_default title_hover_border_default title-default img_hover_animation_default readmore-btn-default-style grid-hover-overlay-type-always tpg-el-box-border-enable tpg-border-bottom-disable elementor-widget elementor-widget-tpg-grid-layout\" data-id=\"e12187e\" data-element_type=\"widget\" data-e-type=\"widget\" data-widget_type=\"tpg-grid-layout.default\">\n\t\t\t\t<div class=\"elementor-widget-container\">\n\t\t\t\t\t\t\t<div class=\"rt-container-fluid rt-tpg-container tpg-el-main-wrapper clearfix grid-layout3-main\"\n\t\t\t id=\"rt-tpg-container-2276180727\"\n\t\t\t data-layout=\"grid-layout3\"\n\t\t\t data-grid-style=\"tpg-full-height\"\n\t\t\t data-sc-id=\"elementor\"\n\t\t\t data-el-settings=''\n\t\t\t data-el-query=''\n\t\t\t data-el-path=''\n\t\t>\n\t\t\t\t\t\t<div class='tpg-header-wrapper'>\n\t\t\t\t\t\t\t<\/div>\n\n\t\t\t<div data-title=\"Loading ...\" class=\"rt-row rt-content-loader grid-layout3 grid-behaviour tpg-full-height grid_layout_wrapper\">\n\t\t\t\t\n<div class=\"rt-col-md-4 rt-col-sm-6 rt-col-xs-12 default rt-grid-item\" data-id=\"2873\">\n\t<div class=\"rt-holder tpg-post-holder\">\n\t\t<div class=\"rt-detail rt-el-content-wrapper\">\n\t\t\t\t\t\t\t<div class=\"rt-img-holder tpg-el-image-wrap has-thumbnail\">\n\t\t\t\t\t<a data-id=\"2873\" href=\"https:\/\/www.voimapapu.fi\/en\/harkapavun-viljely-opas-voima-papu\/\" class=\"tpg-post-link\" target=\"_self\">                        <img fetchpriority=\"high\" decoding=\"async\" src=\"https:\/\/www.voimapapu.fi\/wp-content\/uploads\/2026\/03\/maanaytteita_pellolta_voimapapu-2.jpg\"\n                             class=\"rt-img-responsive\"\n                             width=\"768\"\n                             height=\"1024\"\n                             alt=\"H\u00e4rk\u00e4pavun viljely opas\">\n                        \n                            \n        <\/a>\n                <div class=\"overlay grid-hover-content\"><\/div>\n        \t\t\t\t<\/div>\n\t\t\t\n\n\t\t\t<div class=\"entry-title-wrapper\"><h1 class=\"entry-title\"><a data-id=\"2873\" href=\"https:\/\/www.voimapapu.fi\/en\/harkapavun-viljely-opas-voima-papu\/\" class=\"tpg-post-link\" target=\"_self\">H\u00e4rk\u00e4pavun viljely opas<\/a><\/h1><\/div>\n\t\t\t\n\t\t\t\t\t\t\t<div class=\"tpg-excerpt tpg-el-excerpt\">\n\t\t\t\t\t\t\t\t\t\t\t<div class=\"tpg-excerpt-inner\">\n\t\t\t\t\t\t\tKiinnostaako sinua h\u00e4rk\u00e4pavun viljelyyn meid\u00e4n vinkit? H\u00e4rk\u00e4papu on eritt\u00e4in hyv\u00e4 kiertokasvi viljelyss\u00e4, Se soveltuu hyvin Suomen ilmaston olosuhteisiin ja kerkii kypsym\u00e4\u00e4n loppuun asti. H\u00e4rk\u00e4papu...\t\t\t\t\t\t<\/div>\n\t\t\t\t\t\t\t\t\t\t\t\t\t\t<\/div>\n\t\t\t\n\t\t\t        <div class=\"post-footer\">\n            <div class=\"post-footer\">\n                <div class=\"read-more\">\n                    <a data-id=\"2873\" href=\"https:\/\/www.voimapapu.fi\/en\/harkapavun-viljely-opas-voima-papu\/\" class=\"tpg-post-link\" target=\"_self\">Lue lis\u00e4\u00e4...<\/a>                <\/div>\n            <\/div>\n        <\/div>\n        \t\t<\/div>\n\t<\/div>\n<\/div>\n\n<div class=\"rt-col-md-4 rt-col-sm-6 rt-col-xs-12 default rt-grid-item\" data-id=\"2929\">\n\t<div class=\"rt-holder tpg-post-holder\">\n\t\t<div class=\"rt-detail rt-el-content-wrapper\">\n\t\t\t\t\t\t\t<div class=\"rt-img-holder tpg-el-image-wrap has-thumbnail\">\n\t\t\t\t\t<a data-id=\"2929\" href=\"https:\/\/www.voimapapu.fi\/en\/proteiinipitoisia-ruokia-mista-eniten-proteiinia-arkeen\/\" class=\"tpg-post-link\" target=\"_self\">                        <img decoding=\"async\" src=\"https:\/\/www.voimapapu.fi\/wp-content\/uploads\/2026\/04\/rouhe_burger-nelio-edited-768x432.jpg\"\n                             class=\"rt-img-responsive\"\n                             width=\"768\"\n                             height=\"432\"\n                             alt=\"Proteiinipitoisia ruokia \u2013 mist\u00e4 eniten proteiinia arkeen?\">\n                        \n                            \n        <\/a>\n                <div class=\"overlay grid-hover-content\"><\/div>\n        \t\t\t\t<\/div>\n\t\t\t\n\n\t\t\t<div class=\"entry-title-wrapper\"><h1 class=\"entry-title\"><a data-id=\"2929\" href=\"https:\/\/www.voimapapu.fi\/en\/proteiinipitoisia-ruokia-mista-eniten-proteiinia-arkeen\/\" class=\"tpg-post-link\" target=\"_self\">Proteiinipitoisia ruokia \u2013 mist\u00e4 eniten proteiinia arkeen?<\/a><\/h1><\/div>\n\t\t\t\n\t\t\t\t\t\t\t<div class=\"tpg-excerpt tpg-el-excerpt\">\n\t\t\t\t\t\t\t\t\t\t\t<div class=\"tpg-excerpt-inner\">\n\t\t\t\t\t\t\tProteiini kuuluu l\u00e4hes jokaisen arkeen, mutta harva miettii tarkemmin, mist\u00e4 sit\u00e4 oikeasti kertyy ja riitt\u00e4\u00e4k\u00f6 m\u00e4\u00e4r\u00e4 p\u00e4iv\u00e4n aikana. Kun ruokavalioon tuo riitt\u00e4v\u00e4sti proteiinipitoisia ruokia, olo pysyy...\t\t\t\t\t\t<\/div>\n\t\t\t\t\t\t\t\t\t\t\t\t\t\t<\/div>\n\t\t\t\n\t\t\t        <div class=\"post-footer\">\n            <div class=\"post-footer\">\n                <div class=\"read-more\">\n                    <a data-id=\"2929\" href=\"https:\/\/www.voimapapu.fi\/en\/proteiinipitoisia-ruokia-mista-eniten-proteiinia-arkeen\/\" class=\"tpg-post-link\" target=\"_self\">Lue lis\u00e4\u00e4...<\/a>                <\/div>\n            <\/div>\n        <\/div>\n        \t\t<\/div>\n\t<\/div>\n<\/div>\n\n<div class=\"rt-col-md-4 rt-col-sm-6 rt-col-xs-12 default rt-grid-item\" data-id=\"2774\">\n\t<div class=\"rt-holder tpg-post-holder\">\n\t\t<div class=\"rt-detail rt-el-content-wrapper\">\n\t\t\t\t\t\t\t<div class=\"rt-img-holder tpg-el-image-wrap has-thumbnail\">\n\t\t\t\t\t<a data-id=\"2774\" href=\"https:\/\/www.voimapapu.fi\/en\/kuitupitoinen-ruoka-mista-saa-kuitua-ja-miksi-se-on-tarkeaa\/\" class=\"tpg-post-link\" target=\"_self\">                        <img decoding=\"async\" src=\"https:\/\/www.voimapapu.fi\/wp-content\/uploads\/2026\/02\/wokki_nelio-edited-768x432.jpg\"\n                             class=\"rt-img-responsive\"\n                             width=\"768\"\n                             height=\"432\"\n                             alt=\"Kuitupitoinen ruoka:\u00a0mist\u00e4 saa kuitua\u00a0ja\u00a0miksi se on t\u00e4rke\u00e4\u00e4?\u00a0\">\n                        \n                            \n        <\/a>\n                <div class=\"overlay grid-hover-content\"><\/div>\n        \t\t\t\t<\/div>\n\t\t\t\n\n\t\t\t<div class=\"entry-title-wrapper\"><h1 class=\"entry-title\"><a data-id=\"2774\" href=\"https:\/\/www.voimapapu.fi\/en\/kuitupitoinen-ruoka-mista-saa-kuitua-ja-miksi-se-on-tarkeaa\/\" class=\"tpg-post-link\" target=\"_self\">Kuitupitoinen ruoka:\u00a0mist\u00e4 saa kuitua\u00a0ja\u00a0miksi se on t\u00e4rke\u00e4\u00e4?\u00a0<\/a><\/h1><\/div>\n\t\t\t\n\t\t\t\t\t\t\t<div class=\"tpg-excerpt tpg-el-excerpt\">\n\t\t\t\t\t\t\t\t\t\t\t<div class=\"tpg-excerpt-inner\">\n\t\t\t\t\t\t\tKuidusta puhutaan paljon ravitsemussuosituksissa, mutta arjessa sen merkitys j\u00e4\u00e4 usein v\u00e4hemm\u00e4lle huomiolle. Moni tiet\u00e4\u00e4, ett\u00e4 kuitu on \u201chyv\u00e4ksi vatsalle\u201d, mutta harvempi tulee ajatelleeksi, kuinka...\t\t\t\t\t\t<\/div>\n\t\t\t\t\t\t\t\t\t\t\t\t\t\t<\/div>\n\t\t\t\n\t\t\t        <div class=\"post-footer\">\n            <div class=\"post-footer\">\n                <div class=\"read-more\">\n                    <a data-id=\"2774\" href=\"https:\/\/www.voimapapu.fi\/en\/kuitupitoinen-ruoka-mista-saa-kuitua-ja-miksi-se-on-tarkeaa\/\" class=\"tpg-post-link\" target=\"_self\">Lue lis\u00e4\u00e4...<\/a>                <\/div>\n            <\/div>\n        <\/div>\n        \t\t<\/div>\n\t<\/div>\n<\/div>\n\n<div class=\"rt-col-md-4 rt-col-sm-6 rt-col-xs-12 default rt-grid-item\" data-id=\"2392\">\n\t<div class=\"rt-holder tpg-post-holder\">\n\t\t<div class=\"rt-detail rt-el-content-wrapper\">\n\t\t\t\t\t\t\t<div class=\"rt-img-holder tpg-el-image-wrap has-thumbnail\">\n\t\t\t\t\t<a data-id=\"2392\" href=\"https:\/\/www.voimapapu.fi\/en\/karviaistentila\/\" class=\"tpg-post-link\" target=\"_self\">                        <img loading=\"lazy\" decoding=\"async\" src=\"https:\/\/www.voimapapu.fi\/wp-content\/uploads\/2025\/11\/nelio_teollisuus_PekkaRousi-768x751.jpg\"\n                             class=\"rt-img-responsive\"\n                             width=\"768\"\n                             height=\"751\"\n                             alt=\"Voiko proteiinia saada liikaa?\">\n                        \n                            \n        <\/a>\n                <div class=\"overlay grid-hover-content\"><\/div>\n        \t\t\t\t<\/div>\n\t\t\t\n\n\t\t\t<div class=\"entry-title-wrapper\"><h1 class=\"entry-title\"><a data-id=\"2392\" href=\"https:\/\/www.voimapapu.fi\/en\/karviaistentila\/\" class=\"tpg-post-link\" target=\"_self\">Karviaisten Tilan Voima-Papu h\u00e4rk\u00e4paputuotteet<\/a><\/h1><\/div>\n\t\t\t\n\t\t\t\t\t\t\t<div class=\"tpg-excerpt tpg-el-excerpt\">\n\t\t\t\t\t\t\t\t\t\t\t<div class=\"tpg-excerpt-inner\">\n\t\t\t\t\t\t\tS\u00e4\u00e4st\u00e4, kevenn\u00e4, voi paremmin \u2013 salolainen tila teki proteiinipitoisen hittituotteen Ei sit\u00e4 joka p\u00e4iv\u00e4 n\u00e4e miest\u00e4, joka toi joulukuusen Suomeen. Mutta siin\u00e4 Otto Klinckowstr\u00f6m\u00a0nyt on, muotokuvana...\t\t\t\t\t\t<\/div>\n\t\t\t\t\t\t\t\t\t\t\t\t\t\t<\/div>\n\t\t\t\n\t\t\t        <div class=\"post-footer\">\n            <div class=\"post-footer\">\n                <div class=\"read-more\">\n                    <a data-id=\"2392\" href=\"https:\/\/www.voimapapu.fi\/en\/karviaistentila\/\" class=\"tpg-post-link\" target=\"_self\">Lue lis\u00e4\u00e4...<\/a>                <\/div>\n            <\/div>\n        <\/div>\n        \t\t<\/div>\n\t<\/div>\n<\/div>\n\t\t\t<\/div>\n\t\t\t\n\t\t<\/div>\n\t\t\t\t\t\t<\/div>\n\t\t\t\t<\/div>\n\t\t\t\t\t<\/div>\n\t\t\t\t<\/div>\n\t\t\t\t<\/div>","protected":false},"excerpt":{"rendered":"<p>Voima-Papu artikkeleja ja julkaisuja h\u00e4rk\u00e4papu toiminnasta.<\/p>","protected":false},"author":3,"featured_media":2193,"parent":0,"menu_order":0,"comment_status":"closed","ping_status":"closed","template":"elementor_header_footer","meta":{"_monsterinsights_skip_tracking":false,"_monsterinsights_sitenote_active":false,"_monsterinsights_sitenote_note":"","_monsterinsights_sitenote_category":0,"_uf_show_specific_survey":0,"_uf_disable_surveys":false,"footnotes":""},"class_list":["post-2106","page","type-page","status-publish","has-post-thumbnail","hentry"],"featured_image_src":"https:\/\/www.voimapapu.fi\/wp-content\/uploads\/2026\/01\/Karviaisten-tila-ilmakuva-nelio-scaled.jpg","aioseo_notices":[],"rttpg_featured_image_url":{"full":["https:\/\/www.voimapapu.fi\/wp-content\/uploads\/2026\/01\/Karviaisten-tila-ilmakuva-nelio-scaled.jpg",2560,2560,false],"landscape":["https:\/\/www.voimapapu.fi\/wp-content\/uploads\/2026\/01\/Karviaisten-tila-ilmakuva-nelio-scaled.jpg",2560,2560,false],"portraits":["https:\/\/www.voimapapu.fi\/wp-content\/uploads\/2026\/01\/Karviaisten-tila-ilmakuva-nelio-scaled.jpg",2560,2560,false],"thumbnail":["https:\/\/www.voimapapu.fi\/wp-content\/uploads\/2026\/01\/Karviaisten-tila-ilmakuva-nelio-150x150.jpg",150,150,true],"medium":["https:\/\/www.voimapapu.fi\/wp-content\/uploads\/2026\/01\/Karviaisten-tila-ilmakuva-nelio-300x300.jpg",300,300,true],"large":["https:\/\/www.voimapapu.fi\/wp-content\/uploads\/2026\/01\/Karviaisten-tila-ilmakuva-nelio-1024x1024.jpg",800,800,true],"1536x1536":["https:\/\/www.voimapapu.fi\/wp-content\/uploads\/2026\/01\/Karviaisten-tila-ilmakuva-nelio-1536x1536.jpg",1536,1536,true],"2048x2048":["https:\/\/www.voimapapu.fi\/wp-content\/uploads\/2026\/01\/Karviaisten-tila-ilmakuva-nelio-2048x2048.jpg",2048,2048,true],"trp-custom-language-flag":["https:\/\/www.voimapapu.fi\/wp-content\/uploads\/2026\/01\/Karviaisten-tila-ilmakuva-nelio-12x12.jpg",12,12,true],"woocommerce_thumbnail":["https:\/\/www.voimapapu.fi\/wp-content\/uploads\/2026\/01\/Karviaisten-tila-ilmakuva-nelio-300x300.jpg",300,300,true],"woocommerce_single":["https:\/\/www.voimapapu.fi\/wp-content\/uploads\/2026\/01\/Karviaisten-tila-ilmakuva-nelio-600x600.jpg",600,600,true],"woocommerce_gallery_thumbnail":["https:\/\/www.voimapapu.fi\/wp-content\/uploads\/2026\/01\/Karviaisten-tila-ilmakuva-nelio-100x100.jpg",100,100,true]},"rttpg_author":{"display_name":"Katriina Klinckowstr\u00f6m","author_link":"https:\/\/www.voimapapu.fi\/en\/author\/katriinapapunen\/"},"rttpg_comment":0,"rttpg_category":"","rttpg_excerpt":"Voima-Papu artikkeleja ja julkaisuja h\u00e4rk\u00e4papu toiminnasta.","_links":{"self":[{"href":"https:\/\/www.voimapapu.fi\/en\/wp-json\/wp\/v2\/pages\/2106","targetHints":{"allow":["GET"]}}],"collection":[{"href":"https:\/\/www.voimapapu.fi\/en\/wp-json\/wp\/v2\/pages"}],"about":[{"href":"https:\/\/www.voimapapu.fi\/en\/wp-json\/wp\/v2\/types\/page"}],"author":[{"embeddable":true,"href":"https:\/\/www.voimapapu.fi\/en\/wp-json\/wp\/v2\/users\/3"}],"replies":[{"embeddable":true,"href":"https:\/\/www.voimapapu.fi\/en\/wp-json\/wp\/v2\/comments?post=2106"}],"version-history":[{"count":39,"href":"https:\/\/www.voimapapu.fi\/en\/wp-json\/wp\/v2\/pages\/2106\/revisions"}],"predecessor-version":[{"id":2417,"href":"https:\/\/www.voimapapu.fi\/en\/wp-json\/wp\/v2\/pages\/2106\/revisions\/2417"}],"wp:featuredmedia":[{"embeddable":true,"href":"https:\/\/www.voimapapu.fi\/en\/wp-json\/wp\/v2\/media\/2193"}],"wp:attachment":[{"href":"https:\/\/www.voimapapu.fi\/en\/wp-json\/wp\/v2\/media?parent=2106"}],"curies":[{"name":"wp","href":"https:\/\/api.w.org\/{rel}","templated":true}]}}