{"id":3,"date":"2024-03-05T22:44:10","date_gmt":"2024-03-05T22:44:10","guid":{"rendered":"https:\/\/www.voimapapu.fi\/?page_id=3"},"modified":"2024-03-29T19:29:09","modified_gmt":"2024-03-29T17:29:09","slug":"tietosuoja","status":"publish","type":"page","link":"https:\/\/www.voimapapu.fi\/en\/tietosuoja\/","title":{"rendered":"FI Tietosuojaseloste"},"content":{"rendered":"<h2 class=\"wp-block-heading\">Keit\u00e4 olemme<\/h2>\n\n\n\n<p>Yrityksemme on Karviaisten tila ja Voima-Papu Oy:n verkkokauppa toimii osoitteessa https:\/\/www.voimapapu.fi.<\/p>\n\n\n\n<h2 class=\"wp-block-heading\">Kenen kanssa jaamme tietosi<\/h2>\n\n\n\n<p>Emme luovuta tietojasi kolmansille osapuolille.<\/p>\n\n\n\n<h2 class=\"wp-block-heading\">Miten huolehdimme henkil\u00f6tiedoistasi<\/h2>\n\n\n\n<p>Tallennamme verkkosivustollemme rekister\u00f6ityneiden k\u00e4ytt\u00e4jien k\u00e4ytt\u00e4j\u00e4profiileihinsa antamansa henkil\u00f6tiedot. Kaikki k\u00e4ytt\u00e4j\u00e4t voivat n\u00e4hd\u00e4, muokata tai poistaa henkil\u00f6kohtaisia tietojaan milloin tahansa (paitsi muuttaa k\u00e4ytt\u00e4j\u00e4tunnustaan). Verkkosivustojen yll\u00e4pit\u00e4j\u00e4t voivat my\u00f6s n\u00e4hd\u00e4 ja muokata n\u00e4it\u00e4 tietoja.<\/p>\n\n\n\n<h2 class=\"wp-block-heading\">Oikeutesi henkil\u00f6tietoihisi<\/h2>\n\n\n\n<p>Jos sinulla on tili t\u00e4ll\u00e4 sivustolla, voit pyyt\u00e4\u00e4 tiedot hallussamme olevista henkil\u00f6tiedoistasi. Voit my\u00f6s pyyt\u00e4\u00e4, ett\u00e4 poistamme kaikki hallussamme olevat henkil\u00f6tiedot. T\u00e4m\u00e4 ei sis\u00e4ll\u00e4 tietoja, joita meid\u00e4n on s\u00e4ilytett\u00e4v\u00e4 hallinnollisia, oikeudellisia tai turvallisuustarkoituksia varten.<\/p>","protected":false},"excerpt":{"rendered":"<p>Keit\u00e4 olemme Yrityksemme on Karviaisten tila ja Voima-Papu Oy:n verkkokauppa toimii osoitteessa https:\/\/www.voimapapu.fi. Kenen kanssa jaamme tietosi Emme luovuta tietojasi kolmansille osapuolille. Miten huolehdimme henkil\u00f6tiedoistasi Tallennamme verkkosivustollemme rekister\u00f6ityneiden k\u00e4ytt\u00e4jien k\u00e4ytt\u00e4j\u00e4profiileihinsa antamansa henkil\u00f6tiedot. Kaikki k\u00e4ytt\u00e4j\u00e4t voivat n\u00e4hd\u00e4, muokata tai poistaa henkil\u00f6kohtaisia tietojaan milloin tahansa (paitsi muuttaa k\u00e4ytt\u00e4j\u00e4tunnustaan). Verkkosivustojen yll\u00e4pit\u00e4j\u00e4t voivat my\u00f6s n\u00e4hd\u00e4 ja muokata n\u00e4it\u00e4 tietoja. [&hellip;]<\/p>\n","protected":false},"author":1,"featured_media":0,"parent":0,"menu_order":0,"comment_status":"closed","ping_status":"closed","template":"","meta":{"_monsterinsights_skip_tracking":false,"_monsterinsights_sitenote_active":false,"_monsterinsights_sitenote_note":"","_monsterinsights_sitenote_category":0,"_uf_show_specific_survey":0,"_uf_disable_surveys":false,"footnotes":""},"class_list":["post-3","page","type-page","status-publish","hentry"],"featured_image_src":null,"aioseo_notices":[],"rttpg_featured_image_url":null,"rttpg_author":{"display_name":"admin","author_link":"https:\/\/www.voimapapu.fi\/en\/author\/admin\/"},"rttpg_comment":0,"rttpg_category":null,"rttpg_excerpt":"Keit\u00e4 olemme Yrityksemme on Karviaisten tila ja Voima-Papu Oy:n verkkokauppa toimii osoitteessa https:\/\/www.voimapapu.fi. Kenen kanssa jaamme tietosi Emme luovuta tietojasi kolmansille osapuolille. Miten huolehdimme henkil\u00f6tiedoistasi Tallennamme verkkosivustollemme rekister\u00f6ityneiden k\u00e4ytt\u00e4jien k\u00e4ytt\u00e4j\u00e4profiileihinsa antamansa henkil\u00f6tiedot. Kaikki k\u00e4ytt\u00e4j\u00e4t voivat n\u00e4hd\u00e4, muokata tai poistaa henkil\u00f6kohtaisia tietojaan milloin tahansa (paitsi muuttaa k\u00e4ytt\u00e4j\u00e4tunnustaan). Verkkosivustojen yll\u00e4pit\u00e4j\u00e4t voivat my\u00f6s n\u00e4hd\u00e4 ja muokata n\u00e4it\u00e4 tietoja.&hellip;","_links":{"self":[{"href":"https:\/\/www.voimapapu.fi\/en\/wp-json\/wp\/v2\/pages\/3","targetHints":{"allow":["GET"]}}],"collection":[{"href":"https:\/\/www.voimapapu.fi\/en\/wp-json\/wp\/v2\/pages"}],"about":[{"href":"https:\/\/www.voimapapu.fi\/en\/wp-json\/wp\/v2\/types\/page"}],"author":[{"embeddable":true,"href":"https:\/\/www.voimapapu.fi\/en\/wp-json\/wp\/v2\/users\/1"}],"replies":[{"embeddable":true,"href":"https:\/\/www.voimapapu.fi\/en\/wp-json\/wp\/v2\/comments?post=3"}],"version-history":[{"count":2,"href":"https:\/\/www.voimapapu.fi\/en\/wp-json\/wp\/v2\/pages\/3\/revisions"}],"predecessor-version":[{"id":258,"href":"https:\/\/www.voimapapu.fi\/en\/wp-json\/wp\/v2\/pages\/3\/revisions\/258"}],"wp:attachment":[{"href":"https:\/\/www.voimapapu.fi\/en\/wp-json\/wp\/v2\/media?parent=3"}],"curies":[{"name":"wp","href":"https:\/\/api.w.org\/{rel}","templated":true}]}}