{"id":624,"date":"2024-11-22T11:47:22","date_gmt":"2024-11-22T09:47:22","guid":{"rendered":"https:\/\/www.voimapapu.fi\/?page_id=624"},"modified":"2026-01-29T18:37:39","modified_gmt":"2026-01-29T16:37:39","slug":"vastuullisuus","status":"publish","type":"page","link":"https:\/\/www.voimapapu.fi\/en\/vastuullisuus\/","title":{"rendered":"VASTUULLISUUS KARVIAISTEN TILALLA"},"content":{"rendered":"<div data-elementor-type=\"wp-page\" data-elementor-id=\"624\" class=\"elementor elementor-624\" data-elementor-post-type=\"page\">\n\t\t\t\t<div class=\"elementor-element elementor-element-bcc5047 e-grid e-con-boxed e-con e-parent\" data-id=\"bcc5047\" data-element_type=\"container\" data-e-type=\"container\">\n\t\t\t\t\t<div class=\"e-con-inner\">\n\t\t\t\t<div class=\"elementor-element elementor-element-c16f272 elementor-widget elementor-widget-text-editor\" data-id=\"c16f272\" data-element_type=\"widget\" data-e-type=\"widget\" data-widget_type=\"text-editor.default\">\n\t\t\t\t<div class=\"elementor-widget-container\">\n\t\t\t\t\t\t\t\t\t<h1>H\u00e4rk\u00e4papu ja sen vastuullisuus ?<\/h1><p>Monella py\u00f6rii mieless\u00e4 kysymyksi\u00e4 h\u00e4rk\u00e4pavusta ja sen hy\u00f6dyist\u00e4 \/ vastuullisuudesta. T\u00e4ss\u00e4 vastauksia toivottavasti kysymyksiin.\u00a0<\/p><h2><strong>MEILL\u00c4 K\u00c4YTET\u00c4\u00c4N MAAPER\u00c4\u00c4 PARANTAVAA SEK\u00c4 UUDISTAVAA VILJELYMENETELM\u00c4\u00c4.<\/strong><\/h2><p>H\u00e4rk\u00e4papu (<a href=\"https:\/\/fi.wikipedia.org\/wiki\/H%C3%A4rk%C3%A4papu\">Vicial faba<\/a>) on vanha viljelyskasvi joka oli yleinen ennen perunan tuloa. Peruna sel\u00e4tti h\u00e4rk\u00e4pavun maullisesti. T\u00e4n\u00e4 p\u00e4iv\u00e4n\u00e4 taas ravinto-arvot kiinnostavat ihmisi\u00e4 enemm\u00e4n ja vanha valkuaispitoinen viljelykasvi on p\u00e4\u00e4ssyt ruokap\u00f6ytiin. H\u00e4rk\u00e4papu on poikkeuksellisen ilmastoviisas ja hiilineutraali viljelykasvi. Meid\u00e4n h\u00e4rk\u00e4pavun hiilijalanj\u00e4lki on 0,4 kg\/CO, t\u00e4m\u00e4 on laskettu pellolta pussiin <a href=\"https:\/\/www.voimapapu.fi\/en\/product\/harkapapurouhe-raaka\/\">h\u00e4rk\u00e4papurouheelle<\/a>.\u00a0<\/p><p>H\u00e4rk\u00e4papu on eritt\u00e4in hyv\u00e4 kiertokasvi viljelyn kierrossa, maanparannus-tarkoituksessa. Sen juuri menee syv\u00e4lle maahan ja kuohkeuttaa maaper\u00e4\u00e4. H\u00e4rk\u00e4papu on typensitojakasvi, se k\u00e4ytt\u00e4\u00e4 hiilidioksidia muodostaen siit\u00e4 typpe\u00e4 maahan. T\u00e4m\u00e4n takia h\u00e4rk\u00e4papua ei tarvitse lannoittaa lainkaan. T\u00e4ll\u00e4 on eritt\u00e4in suuri merkitys esikasvina esimerkiksi vehn\u00e4lle.<\/p><p>Suomessa meill\u00e4 on eritt\u00e4in v\u00e4h\u00e4n haittael\u00e4imi\u00e4 h\u00e4rk\u00e4pavulle. Siksi Karviaisten tilalla ei tarvitse tehd\u00e4 ruiskutuksia h\u00e4rk\u00e4pavulle. T\u00e4m\u00e4 saatta olla viel\u00e4 edess\u00e4 ilmaston l\u00e4mpenemisen takia. Koko etel\u00e4isen Varsinais-Suomen kiusana h\u00e4rk\u00e4papupiilokas joka my\u00f6s talvehtii n\u00e4iss\u00e4 ilmasto-olosuhteissa ja sit\u00e4 voi esiinty\u00e4 syksyisin kokonaisessa h\u00e4rk\u00e4pavussa. Yrit\u00e4mme kuitenkin tehd\u00e4 t\u00f6it\u00e4 pellon pientareiden kasvuston kanssa, jotta piilokkaan talvehtimis- mahdollisuudet olisivat mahdollisimman huonot.\u00a0<\/p><p>Meid\u00e4n h\u00e4rk\u00e4papumme on puhdasta, merituulessa kasvanutta ja eritt\u00e4in hyv\u00e4nmakuista elintarvikek\u00e4ytt\u00f6\u00f6n. H\u00e4rk\u00e4papua ei kuljeteta paikasta toiseen vaan ty\u00f6st\u00e4mme sen erilaisiksi tuotteiksi itse <a href=\"https:\/\/www.voimapapu.fi\/en\/tietoa-meista\/\">tilallamme<\/a>. N\u00e4in saamme pienennetty\u00e4 hiilidioksidip\u00e4\u00e4st\u00f6j\u00e4 huomattavasti.\u00a0<\/p><p>K\u00e4yt\u00e4mme tuotannossamme vain uusiutuvaa energiaa, t\u00e4m\u00e4kin on osa vastuullisuuttamme tilalla!\u00a0<\/p><p><img decoding=\"async\" class=\"size-medium wp-image-642 aligncenter\" src=\"https:\/\/www.voimapapu.fi\/wp-content\/uploads\/2024\/11\/harkapavut-ilman-pohjaa-1-300x135.png\" alt=\"h\u00e4rk\u00e4papu\" width=\"300\" height=\"135\" srcset=\"https:\/\/www.voimapapu.fi\/wp-content\/uploads\/2024\/11\/harkapavut-ilman-pohjaa-1-300x135.png 300w, https:\/\/www.voimapapu.fi\/wp-content\/uploads\/2024\/11\/harkapavut-ilman-pohjaa-1-18x8.png 18w, https:\/\/www.voimapapu.fi\/wp-content\/uploads\/2024\/11\/harkapavut-ilman-pohjaa-1.png 320w\" sizes=\"(max-width: 300px) 100vw, 300px\" \/><\/p>\t\t\t\t\t\t\t\t<\/div>\n\t\t\t\t<\/div>\n\t\t\t\t<div class=\"elementor-element elementor-element-05971f9 elementor-widget elementor-widget-image\" data-id=\"05971f9\" data-element_type=\"widget\" data-e-type=\"widget\" data-widget_type=\"image.default\">\n\t\t\t\t<div class=\"elementor-widget-container\">\n\t\t\t\t\t\t\t\t\t\t\t\t\t\t\t<img fetchpriority=\"high\" decoding=\"async\" width=\"576\" height=\"1024\" src=\"https:\/\/www.voimapapu.fi\/wp-content\/uploads\/2024\/11\/typpinystyrat-kuva-1-576x1024.webp\" class=\"attachment-large size-large wp-image-631\" alt=\"Juuren typpinystyr\u00e4t\" srcset=\"https:\/\/www.voimapapu.fi\/wp-content\/uploads\/2024\/11\/typpinystyrat-kuva-1-576x1024.webp 576w, https:\/\/www.voimapapu.fi\/wp-content\/uploads\/2024\/11\/typpinystyrat-kuva-1-169x300.webp 169w, https:\/\/www.voimapapu.fi\/wp-content\/uploads\/2024\/11\/typpinystyrat-kuva-1-768x1365.webp 768w, https:\/\/www.voimapapu.fi\/wp-content\/uploads\/2024\/11\/typpinystyrat-kuva-1-864x1536.webp 864w, https:\/\/www.voimapapu.fi\/wp-content\/uploads\/2024\/11\/typpinystyrat-kuva-1-7x12.webp 7w, https:\/\/www.voimapapu.fi\/wp-content\/uploads\/2024\/11\/typpinystyrat-kuva-1-600x1067.webp 600w, https:\/\/www.voimapapu.fi\/wp-content\/uploads\/2024\/11\/typpinystyrat-kuva-1.webp 1080w\" sizes=\"(max-width: 576px) 100vw, 576px\" \/>\t\t\t\t\t\t\t\t\t\t\t\t\t\t\t<\/div>\n\t\t\t\t<\/div>\n\t\t\t\t\t<\/div>\n\t\t\t\t<\/div>\n\t\t<div class=\"elementor-element elementor-element-87549e4 e-flex e-con-boxed e-con e-parent\" data-id=\"87549e4\" data-element_type=\"container\" data-e-type=\"container\">\n\t\t\t\t\t<div class=\"e-con-inner\">\n\t\t\t\t<div class=\"elementor-element elementor-element-6537e9c elementor-widget elementor-widget-text-editor\" data-id=\"6537e9c\" data-element_type=\"widget\" data-e-type=\"widget\" data-widget_type=\"text-editor.default\">\n\t\t\t\t<div class=\"elementor-widget-container\">\n\t\t\t\t\t\t\t\t\t<h2><strong>Miksi minun tulisi k\u00e4ytt\u00e4\u00e4 h\u00e4rk\u00e4papua ?<\/strong><\/h2><p><strong><br \/><\/strong>&#8211; Sis\u00e4lt\u00e4\u00e4 runsaasti proteiinia ja hidasliukoista kuitua\u00a0<br \/>&#8211; Kotimainen runsasproteiininen valkuaiskasvi<br \/>&#8211; Sis\u00e4lt\u00e4\u00e4 runsaasti folaatteja ja muitakin kivenn\u00e4isaineita, folaatit auttavat solujen uusiutumisessa, sit\u00e4 l\u00f6ytyy my\u00f6s kaalista.<br \/>&#8211; ILMASTOLLISET SYYT: H\u00e4rk\u00e4papu sitoo typpe\u00e4 ilmasta maahan, v\u00e4hent\u00e4\u00e4 ilmaston l\u00e4mpenemist\u00e4.<br \/>&#8211; Hiilijalanj\u00e4lki vain 0,4 kg\/CO<br \/>&#8211; Sitoo hiilt\u00e4 ja parantaa maaper\u00e4\u00e4, on hiilineutraali kasvi.<\/p><h2><strong>Mihin k\u00e4ytt\u00e4isin h\u00e4rk\u00e4papua ?<\/strong><\/h2><p>&#8211; Kasvisruokiin, etikkasieniin, lettuihin ja kahvip\u00f6yt\u00e4\u00e4n: niist\u00e4 reseptej\u00e4 l\u00f6ytyy reseptit osiossa.<br \/>&#8211; Aamupalaan esimerkiksi murona tai viilin\/puuron sekaan suoraan paahdettua jauhoa tai rouheena.<br \/>&#8211; Ilta naposteluun, Voima-Papu suklaat tai chilinen Is\u00e4nn\u00e4n Potku sek\u00e4 sitruunapippurinen Em\u00e4nn\u00e4n L\u00e4im\u00e4sy.<\/p><p>\u00a0<\/p><h2><strong>Mit\u00e4 hy\u00f6ty\u00e4 minulle on h\u00e4rk\u00e4pavusta?<\/strong><\/h2><p>&#8211; sill\u00e4 saa lis\u00e4tty\u00e4 helposti proteiinia ruokiin, aamu-\/ v\u00e4lipaloihin tai kahvip\u00f6yt\u00e4\u00e4n.<br \/>&#8211; gluteeniton, Voima-Papu tuotteet k\u00e4sitell\u00e4\u00e4n tilassa jossa k\u00e4sitell\u00e4\u00e4n vain h\u00e4rk\u00e4papua.<br \/>&#8211; Kahvip\u00f6yd\u00e4n leivonnaisissa saat v\u00e4hennetty\u00e4 lis\u00e4tty\u00e4 sokeria ja rasvaa.<\/p>\t\t\t\t\t\t\t\t<\/div>\n\t\t\t\t<\/div>\n\t\t\t\t\t<\/div>\n\t\t\t\t<\/div>\n\t\t\t\t<\/div>","protected":false},"excerpt":{"rendered":"<p>H\u00e4rk\u00e4papu ja sen vastuullisuus ? Monella py\u00f6rii mieless\u00e4 kysymyksi\u00e4 h\u00e4rk\u00e4pavusta ja sen hy\u00f6dyist\u00e4 \/ vastuullisuudesta. T\u00e4ss\u00e4 vastauksia toivottavasti kysymyksiin.\u00a0 MEILL\u00c4 K\u00c4YTET\u00c4\u00c4N MAAPER\u00c4\u00c4 PARANTAVAA SEK\u00c4 UUDISTAVAA VILJELYMENETELM\u00c4\u00c4. H\u00e4rk\u00e4papu (Vicial faba) on vanha viljelyskasvi joka oli yleinen ennen perunan tuloa. Peruna sel\u00e4tti h\u00e4rk\u00e4pavun maullisesti. T\u00e4n\u00e4 p\u00e4iv\u00e4n\u00e4 taas ravinto-arvot kiinnostavat ihmisi\u00e4 enemm\u00e4n ja vanha valkuaispitoinen viljelykasvi on p\u00e4\u00e4ssyt [&hellip;]<\/p>\n","protected":false},"author":1,"featured_media":0,"parent":0,"menu_order":0,"comment_status":"closed","ping_status":"closed","template":"","meta":{"_monsterinsights_skip_tracking":false,"_monsterinsights_sitenote_active":false,"_monsterinsights_sitenote_note":"","_monsterinsights_sitenote_category":0,"_uf_show_specific_survey":0,"_uf_disable_surveys":false,"footnotes":""},"class_list":["post-624","page","type-page","status-publish","hentry"],"featured_image_src":null,"aioseo_notices":[],"rttpg_featured_image_url":null,"rttpg_author":{"display_name":"admin","author_link":"https:\/\/www.voimapapu.fi\/en\/author\/admin\/"},"rttpg_comment":0,"rttpg_category":null,"rttpg_excerpt":"H\u00e4rk\u00e4papu ja sen vastuullisuus ? Monella py\u00f6rii mieless\u00e4 kysymyksi\u00e4 h\u00e4rk\u00e4pavusta ja sen hy\u00f6dyist\u00e4 \/ vastuullisuudesta. T\u00e4ss\u00e4 vastauksia toivottavasti kysymyksiin.\u00a0 MEILL\u00c4 K\u00c4YTET\u00c4\u00c4N MAAPER\u00c4\u00c4 PARANTAVAA SEK\u00c4 UUDISTAVAA VILJELYMENETELM\u00c4\u00c4. H\u00e4rk\u00e4papu (Vicial faba) on vanha viljelyskasvi joka oli yleinen ennen perunan tuloa. Peruna sel\u00e4tti h\u00e4rk\u00e4pavun maullisesti. T\u00e4n\u00e4 p\u00e4iv\u00e4n\u00e4 taas ravinto-arvot kiinnostavat ihmisi\u00e4 enemm\u00e4n ja vanha valkuaispitoinen viljelykasvi on p\u00e4\u00e4ssyt&hellip;","_links":{"self":[{"href":"https:\/\/www.voimapapu.fi\/en\/wp-json\/wp\/v2\/pages\/624","targetHints":{"allow":["GET"]}}],"collection":[{"href":"https:\/\/www.voimapapu.fi\/en\/wp-json\/wp\/v2\/pages"}],"about":[{"href":"https:\/\/www.voimapapu.fi\/en\/wp-json\/wp\/v2\/types\/page"}],"author":[{"embeddable":true,"href":"https:\/\/www.voimapapu.fi\/en\/wp-json\/wp\/v2\/users\/1"}],"replies":[{"embeddable":true,"href":"https:\/\/www.voimapapu.fi\/en\/wp-json\/wp\/v2\/comments?post=624"}],"version-history":[{"count":74,"href":"https:\/\/www.voimapapu.fi\/en\/wp-json\/wp\/v2\/pages\/624\/revisions"}],"predecessor-version":[{"id":2684,"href":"https:\/\/www.voimapapu.fi\/en\/wp-json\/wp\/v2\/pages\/624\/revisions\/2684"}],"wp:attachment":[{"href":"https:\/\/www.voimapapu.fi\/en\/wp-json\/wp\/v2\/media?parent=624"}],"curies":[{"name":"wp","href":"https:\/\/api.w.org\/{rel}","templated":true}]}}