{"id":800,"date":"2025-01-09T13:09:46","date_gmt":"2025-01-09T11:09:46","guid":{"rendered":"https:\/\/www.voimapapu.fi\/?page_id=800"},"modified":"2026-01-19T20:17:59","modified_gmt":"2026-01-19T18:17:59","slug":"reseptit","status":"publish","type":"page","link":"https:\/\/www.voimapapu.fi\/en\/reseptit\/","title":{"rendered":"Maukkaita h\u00e4rk\u00e4papureseptej\u00e4"},"content":{"rendered":"<div data-elementor-type=\"wp-page\" data-elementor-id=\"800\" class=\"elementor elementor-800\" data-elementor-post-type=\"page\">\n\t\t\t\t<div class=\"elementor-element elementor-element-2ce30efb e-flex e-con-boxed e-con e-parent\" data-id=\"2ce30efb\" data-element_type=\"container\" data-e-type=\"container\" data-settings=\"{&quot;background_background&quot;:&quot;classic&quot;}\">\n\t\t\t\t\t<div class=\"e-con-inner\">\n\t\t\t\t<div class=\"elementor-element elementor-element-516070d elementor-widget elementor-widget-text-editor\" data-id=\"516070d\" data-element_type=\"widget\" data-e-type=\"widget\" data-widget_type=\"text-editor.default\">\n\t\t\t\t<div class=\"elementor-widget-container\">\n\t\t\t\t\t\t\t\t\t<h2>Terveellist\u00e4 ja hyv\u00e4\u00e4; proteiinipitoiset h\u00e4rk\u00e4papureseptit ruoanlaittoon ja herkutteluun, katso!<\/h2>\t\t\t\t\t\t\t\t<\/div>\n\t\t\t\t<\/div>\n\t\t\t\t\t<\/div>\n\t\t\t\t<\/div>\n\t\t<div class=\"elementor-element elementor-element-f56efb1 e-grid e-con-boxed e-con e-parent\" data-id=\"f56efb1\" data-element_type=\"container\" data-e-type=\"container\">\n\t\t\t\t\t<div class=\"e-con-inner\">\n\t\t<div class=\"elementor-element elementor-element-ad7543f e-con-full e-flex e-con e-child\" data-id=\"ad7543f\" data-element_type=\"container\" data-e-type=\"container\" data-settings=\"{&quot;background_background&quot;:&quot;classic&quot;}\">\n\t\t\t\t<div class=\"elementor-element elementor-element-49d41f4 elementor-widget elementor-widget-heading\" data-id=\"49d41f4\" data-element_type=\"widget\" data-e-type=\"widget\" data-widget_type=\"heading.default\">\n\t\t\t\t<div class=\"elementor-widget-container\">\n\t\t\t\t\t<h2 class=\"elementor-heading-title elementor-size-default\"><a href=\"https:\/\/www.voimapapu.fi\/en\/leivonta\/\">BAKING<\/a><\/h2>\t\t\t\t<\/div>\n\t\t\t\t<\/div>\n\t\t\t\t<div class=\"elementor-element elementor-element-2ce3fe3 elementor-widget elementor-widget-image\" data-id=\"2ce3fe3\" data-element_type=\"widget\" data-e-type=\"widget\" data-widget_type=\"image.default\">\n\t\t\t\t<div class=\"elementor-widget-container\">\n\t\t\t\t\t\t\t\t\t\t\t\t\t\t\t\t<a href=\"https:\/\/www.voimapapu.fi\/en\/leivonta\/\">\n\t\t\t\t\t\t\t<img fetchpriority=\"high\" decoding=\"async\" width=\"300\" height=\"300\" src=\"https:\/\/www.voimapapu.fi\/wp-content\/uploads\/2025\/01\/mutakakku-nelio.jpg\" class=\"attachment-medium size-medium wp-image-888\" alt=\"\" srcset=\"https:\/\/www.voimapapu.fi\/wp-content\/uploads\/2025\/01\/mutakakku-nelio.jpg 300w, https:\/\/www.voimapapu.fi\/wp-content\/uploads\/2025\/01\/mutakakku-nelio-150x150.jpg 150w, https:\/\/www.voimapapu.fi\/wp-content\/uploads\/2025\/01\/mutakakku-nelio-12x12.jpg 12w, https:\/\/www.voimapapu.fi\/wp-content\/uploads\/2025\/01\/mutakakku-nelio-100x100.jpg 100w\" sizes=\"(max-width: 300px) 100vw, 300px\" \/>\t\t\t\t\t\t\t\t<\/a>\n\t\t\t\t\t\t\t\t\t\t\t\t\t\t\t<\/div>\n\t\t\t\t<\/div>\n\t\t\t\t<\/div>\n\t\t<div class=\"elementor-element elementor-element-5462b67 e-con-full e-flex e-con e-child\" data-id=\"5462b67\" data-element_type=\"container\" data-e-type=\"container\" data-settings=\"{&quot;background_background&quot;:&quot;classic&quot;}\">\n\t\t\t\t<div class=\"elementor-element elementor-element-454906a elementor-widget elementor-widget-heading\" data-id=\"454906a\" data-element_type=\"widget\" data-e-type=\"widget\" data-widget_type=\"heading.default\">\n\t\t\t\t<div class=\"elementor-widget-container\">\n\t\t\t\t\t<h2 class=\"elementor-heading-title elementor-size-default\"><a href=\"https:\/\/www.voimapapu.fi\/en\/ruoanlaitto\/\">COOKING<\/a><\/h2>\t\t\t\t<\/div>\n\t\t\t\t<\/div>\n\t\t\t\t<div class=\"elementor-element elementor-element-a289a93 elementor-widget elementor-widget-image\" data-id=\"a289a93\" data-element_type=\"widget\" data-e-type=\"widget\" data-widget_type=\"image.default\">\n\t\t\t\t<div class=\"elementor-widget-container\">\n\t\t\t\t\t\t\t\t\t\t\t\t\t\t\t\t<a href=\"https:\/\/www.voimapapu.fi\/en\/ruoanlaitto\/\">\n\t\t\t\t\t\t\t<img decoding=\"async\" width=\"300\" height=\"300\" src=\"https:\/\/www.voimapapu.fi\/wp-content\/uploads\/2025\/01\/rouhe_burger-nelio-300x300.jpg\" class=\"attachment-medium size-medium wp-image-901\" alt=\"Proteiinipitoisia ruokia \u2013 mist\u00e4 eniten proteiinia arkeen?\" srcset=\"https:\/\/www.voimapapu.fi\/wp-content\/uploads\/2025\/01\/rouhe_burger-nelio-300x300.jpg 300w, https:\/\/www.voimapapu.fi\/wp-content\/uploads\/2025\/01\/rouhe_burger-nelio-1024x1024.jpg 1024w, https:\/\/www.voimapapu.fi\/wp-content\/uploads\/2025\/01\/rouhe_burger-nelio-150x150.jpg 150w, https:\/\/www.voimapapu.fi\/wp-content\/uploads\/2025\/01\/rouhe_burger-nelio-768x768.jpg 768w, https:\/\/www.voimapapu.fi\/wp-content\/uploads\/2025\/01\/rouhe_burger-nelio-1536x1536.jpg 1536w, https:\/\/www.voimapapu.fi\/wp-content\/uploads\/2025\/01\/rouhe_burger-nelio-2048x2048.jpg 2048w, https:\/\/www.voimapapu.fi\/wp-content\/uploads\/2025\/01\/rouhe_burger-nelio-12x12.jpg 12w, https:\/\/www.voimapapu.fi\/wp-content\/uploads\/2025\/01\/rouhe_burger-nelio-600x600.jpg 600w, https:\/\/www.voimapapu.fi\/wp-content\/uploads\/2025\/01\/rouhe_burger-nelio-100x100.jpg 100w\" sizes=\"(max-width: 300px) 100vw, 300px\" \/>\t\t\t\t\t\t\t\t<\/a>\n\t\t\t\t\t\t\t\t\t\t\t\t\t\t\t<\/div>\n\t\t\t\t<\/div>\n\t\t\t\t<\/div>\n\t\t<div class=\"elementor-element elementor-element-ffade59 e-con-full e-flex e-con e-child\" data-id=\"ffade59\" data-element_type=\"container\" data-e-type=\"container\" data-settings=\"{&quot;background_background&quot;:&quot;classic&quot;}\">\n\t\t\t\t<div class=\"elementor-element elementor-element-c7317ac elementor-widget elementor-widget-heading\" data-id=\"c7317ac\" data-element_type=\"widget\" data-e-type=\"widget\" data-widget_type=\"heading.default\">\n\t\t\t\t<div class=\"elementor-widget-container\">\n\t\t\t\t\t<h2 class=\"elementor-heading-title elementor-size-default\"><a href=\"https:\/\/www.voimapapu.fi\/en\/jalkiruoka\/\">DESSERTS<\/a><\/h2>\t\t\t\t<\/div>\n\t\t\t\t<\/div>\n\t\t\t\t<div class=\"elementor-element elementor-element-1440746 elementor-widget elementor-widget-image\" data-id=\"1440746\" data-element_type=\"widget\" data-e-type=\"widget\" data-widget_type=\"image.default\">\n\t\t\t\t<div class=\"elementor-widget-container\">\n\t\t\t\t\t\t\t\t\t\t\t\t\t\t\t\t<a href=\"https:\/\/www.voimapapu.fi\/en\/jalkiruoka\/\">\n\t\t\t\t\t\t\t<img decoding=\"async\" width=\"300\" height=\"300\" src=\"https:\/\/www.voimapapu.fi\/wp-content\/uploads\/2026\/01\/harkapapu-jarkiruokakuva-proteiinipitoinen-300x300.jpg\" class=\"attachment-medium size-medium wp-image-2457\" alt=\"\" srcset=\"https:\/\/www.voimapapu.fi\/wp-content\/uploads\/2026\/01\/harkapapu-jarkiruokakuva-proteiinipitoinen-300x300.jpg 300w, https:\/\/www.voimapapu.fi\/wp-content\/uploads\/2026\/01\/harkapapu-jarkiruokakuva-proteiinipitoinen-1024x1024.jpg 1024w, https:\/\/www.voimapapu.fi\/wp-content\/uploads\/2026\/01\/harkapapu-jarkiruokakuva-proteiinipitoinen-150x150.jpg 150w, https:\/\/www.voimapapu.fi\/wp-content\/uploads\/2026\/01\/harkapapu-jarkiruokakuva-proteiinipitoinen-768x767.jpg 768w, https:\/\/www.voimapapu.fi\/wp-content\/uploads\/2026\/01\/harkapapu-jarkiruokakuva-proteiinipitoinen-12x12.jpg 12w, https:\/\/www.voimapapu.fi\/wp-content\/uploads\/2026\/01\/harkapapu-jarkiruokakuva-proteiinipitoinen-600x599.jpg 600w, https:\/\/www.voimapapu.fi\/wp-content\/uploads\/2026\/01\/harkapapu-jarkiruokakuva-proteiinipitoinen-100x100.jpg 100w, https:\/\/www.voimapapu.fi\/wp-content\/uploads\/2026\/01\/harkapapu-jarkiruokakuva-proteiinipitoinen.jpg 1080w\" sizes=\"(max-width: 300px) 100vw, 300px\" \/>\t\t\t\t\t\t\t\t<\/a>\n\t\t\t\t\t\t\t\t\t\t\t\t\t\t\t<\/div>\n\t\t\t\t<\/div>\n\t\t\t\t<\/div>\n\t\t\t\t\t<\/div>\n\t\t\t\t<\/div>\n\t\t\t\t<\/div>","protected":false},"excerpt":{"rendered":"<p>Terveellist\u00e4 ja hyv\u00e4\u00e4; proteiinipitoiset h\u00e4rk\u00e4papureseptit ruoanlaittoon ja herkutteluun, katso! Leivonta Ruoanlaitto J\u00e4lkiruoka<\/p>","protected":false},"author":1,"featured_media":0,"parent":0,"menu_order":0,"comment_status":"closed","ping_status":"closed","template":"","meta":{"_monsterinsights_skip_tracking":false,"_monsterinsights_sitenote_active":false,"_monsterinsights_sitenote_note":"","_monsterinsights_sitenote_category":0,"_uf_show_specific_survey":0,"_uf_disable_surveys":false,"footnotes":""},"class_list":["post-800","page","type-page","status-publish","hentry"],"featured_image_src":null,"aioseo_notices":[],"rttpg_featured_image_url":null,"rttpg_author":{"display_name":"admin","author_link":"https:\/\/www.voimapapu.fi\/en\/author\/admin\/"},"rttpg_comment":0,"rttpg_category":null,"rttpg_excerpt":"Terveellist\u00e4 ja hyv\u00e4\u00e4; proteiinipitoiset h\u00e4rk\u00e4papureseptit ruoanlaittoon ja herkutteluun, katso! Leivonta Ruoanlaitto J\u00e4lkiruoka","_links":{"self":[{"href":"https:\/\/www.voimapapu.fi\/en\/wp-json\/wp\/v2\/pages\/800","targetHints":{"allow":["GET"]}}],"collection":[{"href":"https:\/\/www.voimapapu.fi\/en\/wp-json\/wp\/v2\/pages"}],"about":[{"href":"https:\/\/www.voimapapu.fi\/en\/wp-json\/wp\/v2\/types\/page"}],"author":[{"embeddable":true,"href":"https:\/\/www.voimapapu.fi\/en\/wp-json\/wp\/v2\/users\/1"}],"replies":[{"embeddable":true,"href":"https:\/\/www.voimapapu.fi\/en\/wp-json\/wp\/v2\/comments?post=800"}],"version-history":[{"count":72,"href":"https:\/\/www.voimapapu.fi\/en\/wp-json\/wp\/v2\/pages\/800\/revisions"}],"predecessor-version":[{"id":2504,"href":"https:\/\/www.voimapapu.fi\/en\/wp-json\/wp\/v2\/pages\/800\/revisions\/2504"}],"wp:attachment":[{"href":"https:\/\/www.voimapapu.fi\/en\/wp-json\/wp\/v2\/media?parent=800"}],"curies":[{"name":"wp","href":"https:\/\/api.w.org\/{rel}","templated":true}]}}