{"id":139,"date":"2024-03-17T14:30:16","date_gmt":"2024-03-17T12:30:16","guid":{"rendered":"https:\/\/www.voimapapu.fi\/?post_type=product&#038;p=139"},"modified":"2026-01-29T19:53:40","modified_gmt":"2026-01-29T17:53:40","slug":"kaakao-harkapapumuro","status":"publish","type":"product","link":"https:\/\/www.voimapapu.fi\/en\/product\/kaakao-harkapapumuro\/","title":{"rendered":"VOIMA-PAPU Kaakao H\u00e4rk\u00e4papumuro herkuttelijan aamupala"},"content":{"rendered":"<p>Ainesosat: h\u00e4rk\u00e4papu, kaakao, sokeri ja vanilja<br \/>\nIngredienser: bondb\u00f6nor, kakao, socker och vanilj<\/p>\n<p>Kyps\u00e4 heti k\u00e4ytett\u00e4v\u00e4 h\u00e4rk\u00e4papumuro gluteeniton, p\u00e4hkin\u00e4t\u00f6n sek\u00e4 vegaaninen. Ei sis\u00e4ll\u00e4 maitoa.<br \/>\nEritt\u00e4in peroteiini ja kuitupitoinen tuote terveelliseen aamupalaan \/ v\u00e4lipalaan \/ iltapalaan vauvasta vaariin.<\/p>\n<p>Ravinto-arvot\/N\u00e4ringsv\u00e4rde\/100 g:<br \/>\nRasva\/Fett 3,7 gjosta tyydyttym\u00e4tt\u00f6mi\u00e4 rasvoja\/varav m\u00e4ttade fettsyror 1,16 g, Hiilihydraattia\/kolhydrater 42,2 g, josta sokeria\/varav socker 12,2 g (sis\u00e4lt\u00e4\u00e4 h\u00e4rk\u00e4pavun luontaista sokeria\/natural socker av bondb\u00f6nor 5,3 g), Ravintokuitu\/kostfiber 13,7 g, Proteiini\/protein 24,4 g, suola\/salt 1,0g<\/p>","protected":false},"excerpt":{"rendered":"<p>Kaakaolla maustettu herkullinen h\u00e4rk\u00e4papumuro, terveellinen ja proteiinipitoinen aamupalamuro, lis\u00e4tty\u00e4 sokeria vain 7% ja Proteiinia jopa 24,4%. Hyv\u00e4\u00e4 hiilihydraattia urheilun j\u00e4lkeen keholle palauttavaan ravintoon niin kuituja 13,7%.<\/p>\n<p>Frukostflingor av bondb\u00f6nor smaksatt med kakao<\/p>\n<p>&nbsp;<\/p>","protected":false},"featured_media":212,"comment_status":"closed","ping_status":"closed","template":"","meta":{"_monsterinsights_skip_tracking":false,"_monsterinsights_sitenote_active":false,"_monsterinsights_sitenote_note":"","_monsterinsights_sitenote_category":0,"_uf_show_specific_survey":0,"_uf_disable_surveys":false},"product_brand":[],"product_cat":[22],"product_tag":[71,195,49,72,168,69,70,191,116,117,186,119],"class_list":{"0":"post-139","1":"product","2":"type-product","3":"status-publish","4":"has-post-thumbnail","6":"product_cat-aamiainen","7":"product_tag-aamiainen","8":"product_tag-folaatti","9":"product_tag-harkapapu","10":"product_tag-harkapapumuro","11":"product_tag-helppoajahyvaa","12":"product_tag-kaakao","13":"product_tag-muro","14":"product_tag-retkiruoka","15":"product_tag-terveellinen","16":"product_tag-terveellinen-aamiainen","17":"product_tag-terveellista","18":"product_tag-vastuullisuus","20":"first","21":"instock","22":"featured","23":"taxable","24":"shipping-taxable","25":"purchasable","26":"product-type-variable","27":"has-default-attributes"},"aioseo_notices":[],"_links":{"self":[{"href":"https:\/\/www.voimapapu.fi\/en\/wp-json\/wp\/v2\/product\/139","targetHints":{"allow":["GET"]}}],"collection":[{"href":"https:\/\/www.voimapapu.fi\/en\/wp-json\/wp\/v2\/product"}],"about":[{"href":"https:\/\/www.voimapapu.fi\/en\/wp-json\/wp\/v2\/types\/product"}],"replies":[{"embeddable":true,"href":"https:\/\/www.voimapapu.fi\/en\/wp-json\/wp\/v2\/comments?post=139"}],"wp:featuredmedia":[{"embeddable":true,"href":"https:\/\/www.voimapapu.fi\/en\/wp-json\/wp\/v2\/media\/212"}],"wp:attachment":[{"href":"https:\/\/www.voimapapu.fi\/en\/wp-json\/wp\/v2\/media?parent=139"}],"wp:term":[{"taxonomy":"product_brand","embeddable":true,"href":"https:\/\/www.voimapapu.fi\/en\/wp-json\/wp\/v2\/product_brand?post=139"},{"taxonomy":"product_cat","embeddable":true,"href":"https:\/\/www.voimapapu.fi\/en\/wp-json\/wp\/v2\/product_cat?post=139"},{"taxonomy":"product_tag","embeddable":true,"href":"https:\/\/www.voimapapu.fi\/en\/wp-json\/wp\/v2\/product_tag?post=139"}],"curies":[{"name":"wp","href":"https:\/\/api.w.org\/{rel}","templated":true}]}}