{"id":1431,"date":"2025-01-27T09:03:37","date_gmt":"2025-01-27T07:03:37","guid":{"rendered":"https:\/\/www.voimapapu.fi\/?post_type=product&#038;p=1431"},"modified":"2025-01-27T10:08:54","modified_gmt":"2025-01-27T08:08:54","slug":"inkivaarihunaja","status":"publish","type":"product","link":"https:\/\/www.voimapapu.fi\/en\/product\/inkivaarihunaja\/","title":{"rendered":"Torpan hunaja, inkiv\u00e4\u00e4rin makuinen 170 g"},"content":{"rendered":"","protected":false},"excerpt":{"rendered":"<p>Torpan hunajaa, jonka mesi on ker\u00e4tty p\u00e4\u00e4asiassa Halikonlahden rantaniityn sek\u00e4 Vaisakon luonnonsuojelualueen lehtomets\u00e4n kasveista. Hunaja on hienokiteist\u00e4 ja eritt\u00e4in pehme\u00e4\u00e4. Inkiv\u00e4\u00e4rinen maku tuo hyv\u00e4\u00e4 aromia esimerkiksi teen joukkoon.<\/p>","protected":false},"featured_media":1434,"comment_status":"closed","ping_status":"closed","template":"","meta":{"_monsterinsights_skip_tracking":false,"_monsterinsights_sitenote_active":false,"_monsterinsights_sitenote_note":"","_monsterinsights_sitenote_category":0,"_uf_show_specific_survey":0,"_uf_disable_surveys":false},"product_brand":[],"product_cat":[15],"product_tag":[105,83,155,78,104],"class_list":{"0":"post-1431","1":"product","2":"type-product","3":"status-publish","4":"has-post-thumbnail","6":"product_cat-muut","7":"product_tag-halikko","8":"product_tag-hunaja","9":"product_tag-inkivaari","10":"product_tag-lahiruoka","11":"product_tag-torpanhunaja","13":"first","14":"instock","15":"taxable","16":"shipping-taxable","17":"purchasable","18":"product-type-simple"},"aioseo_notices":[],"_links":{"self":[{"href":"https:\/\/www.voimapapu.fi\/en\/wp-json\/wp\/v2\/product\/1431","targetHints":{"allow":["GET"]}}],"collection":[{"href":"https:\/\/www.voimapapu.fi\/en\/wp-json\/wp\/v2\/product"}],"about":[{"href":"https:\/\/www.voimapapu.fi\/en\/wp-json\/wp\/v2\/types\/product"}],"replies":[{"embeddable":true,"href":"https:\/\/www.voimapapu.fi\/en\/wp-json\/wp\/v2\/comments?post=1431"}],"wp:featuredmedia":[{"embeddable":true,"href":"https:\/\/www.voimapapu.fi\/en\/wp-json\/wp\/v2\/media\/1434"}],"wp:attachment":[{"href":"https:\/\/www.voimapapu.fi\/en\/wp-json\/wp\/v2\/media?parent=1431"}],"wp:term":[{"taxonomy":"product_brand","embeddable":true,"href":"https:\/\/www.voimapapu.fi\/en\/wp-json\/wp\/v2\/product_brand?post=1431"},{"taxonomy":"product_cat","embeddable":true,"href":"https:\/\/www.voimapapu.fi\/en\/wp-json\/wp\/v2\/product_cat?post=1431"},{"taxonomy":"product_tag","embeddable":true,"href":"https:\/\/www.voimapapu.fi\/en\/wp-json\/wp\/v2\/product_tag?post=1431"}],"curies":[{"name":"wp","href":"https:\/\/api.w.org\/{rel}","templated":true}]}}