{"id":150,"date":"2024-03-17T21:07:19","date_gmt":"2024-03-17T19:07:19","guid":{"rendered":"https:\/\/www.voimapapu.fi\/?post_type=product&#038;p=150"},"modified":"2026-02-02T09:59:38","modified_gmt":"2026-02-02T07:59:38","slug":"kokonainen-harkapapu","status":"publish","type":"product","link":"https:\/\/www.voimapapu.fi\/en\/product\/kokonainen-harkapapu\/","title":{"rendered":"VOIMA-PAPU Kokonainen H\u00e4rk\u00e4papu arki ruokaan"},"content":{"rendered":"<p>Kokonainen h\u00e4rk\u00e4papu on laadukas ja proteiinipitoinen kotimainen karvisproteiini l\u00e4hde erillaisiin arki ruokiin. Hyv\u00e4 valkuaisen l\u00e4hde sek\u00e4 kuidun l\u00e4hde. Pit\u00e4\u00e4 pitk\u00e4\u00e4n kyll\u00e4isen\u00e4.<\/p>\n<p>Ainesosat: h\u00e4rk\u00e4papu 100%<br \/>\nIngredienser: bondb\u00f6nor 100%<\/p>\n<p>Voima-Papu tuotteet ovat tutkitusti gluteenittomia, tuotantomme on my\u00f6s t\u00e4ysin p\u00e4hkin\u00e4t\u00f6n sek\u00e4 maidoton, Tuotteet ovat proteiinipitoisia ja kuitupitoisia ja viel\u00e4 veganinen.<\/p>\n<p>Kaupoissa 500g ean: 6415350017570<\/p>\n<p>Ravinto-arvot\/N\u00e4ringsv\u00e4rde 100g: Energiaa\/Energi 1384 kJ \/ 331kcal, rasvaa\/Fett 1,9g, josta tyydyttyneit\u00e4 rasvahappoja\/arav m\u00e4ttade fettsyror 0,2g, hiilihydraatteja\/Kolhydrater 42,2g, josta sokeria\/varav socker 5,7g, kuitua\/kostfiber 14,5%, proteiini\/protein 28,8%, suolaa\/salt 0,0065g.<\/p>","protected":false},"excerpt":{"rendered":"<p>Raaka kokonainen h\u00e4rk\u00e4papu.<br \/>\nHela bondb\u00f6nor, r\u00e5.<\/p>\n<h2>Vinkki:<\/h2>\n<p>Kokonainen k\u00e4sittelem\u00e4t\u00f6n h\u00e4rk\u00e4papu. Suositellaan kypsennett\u00e4v\u00e4ksi. Ilman liotusta keittoaika 60min. Y\u00f6n yli liotuksen j\u00e4lkeen keittoaika 20 &#8211; 25min. Papua voi my\u00f6s paahtaa.<\/p>\n<h2>S\u00e4ilytys:<\/h2>\n<p>Kuivassa s\u00e4ilyy ainakin 2 vuotta.<\/p>\n<p>Katso lis\u00e4\u00e4 herkullisia reseptej\u00e4 t\u00e4st\u00e4 tuotteesta, kuten t\u00e4m\u00e4:<br \/>\n<a href=\"https:\/\/karviaistentila.fi\/resepti-pankki\/sinappi-voima-papu-lisuke-karviaisten-emannan-makuun\/\" target=\"_blank\" rel=\"noopener\">Sinappiset h\u00e4rk\u00e4pavut Karviaisten em\u00e4nn\u00e4n makuun<\/a><\/p>","protected":false},"featured_media":271,"comment_status":"closed","ping_status":"closed","template":"","meta":{"_monsterinsights_skip_tracking":false,"_monsterinsights_sitenote_active":false,"_monsterinsights_sitenote_note":"","_monsterinsights_sitenote_category":0,"_uf_show_specific_survey":0,"_uf_disable_surveys":false},"product_brand":[],"product_cat":[20],"product_tag":[50,49,278,51,54,217,53,218,65],"class_list":{"0":"post-150","1":"product","2":"type-product","3":"status-publish","4":"has-post-thumbnail","6":"product_cat-ruoanlaitto","7":"product_tag-gluteeniton","8":"product_tag-harkapapu","9":"product_tag-kokonainen","10":"product_tag-kokonainen-harkapapu","11":"product_tag-kuitupitoinen","12":"product_tag-kuitipitoinenruoka","13":"product_tag-proteiinipitoinen","14":"product_tag-proteiinipitoinenruoka","15":"product_tag-raaka","17":"first","18":"instock","19":"taxable","20":"shipping-taxable","21":"purchasable","22":"product-type-variable"},"aioseo_notices":[],"_links":{"self":[{"href":"https:\/\/www.voimapapu.fi\/en\/wp-json\/wp\/v2\/product\/150","targetHints":{"allow":["GET"]}}],"collection":[{"href":"https:\/\/www.voimapapu.fi\/en\/wp-json\/wp\/v2\/product"}],"about":[{"href":"https:\/\/www.voimapapu.fi\/en\/wp-json\/wp\/v2\/types\/product"}],"replies":[{"embeddable":true,"href":"https:\/\/www.voimapapu.fi\/en\/wp-json\/wp\/v2\/comments?post=150"}],"wp:featuredmedia":[{"embeddable":true,"href":"https:\/\/www.voimapapu.fi\/en\/wp-json\/wp\/v2\/media\/271"}],"wp:attachment":[{"href":"https:\/\/www.voimapapu.fi\/en\/wp-json\/wp\/v2\/media?parent=150"}],"wp:term":[{"taxonomy":"product_brand","embeddable":true,"href":"https:\/\/www.voimapapu.fi\/en\/wp-json\/wp\/v2\/product_brand?post=150"},{"taxonomy":"product_cat","embeddable":true,"href":"https:\/\/www.voimapapu.fi\/en\/wp-json\/wp\/v2\/product_cat?post=150"},{"taxonomy":"product_tag","embeddable":true,"href":"https:\/\/www.voimapapu.fi\/en\/wp-json\/wp\/v2\/product_tag?post=150"}],"curies":[{"name":"wp","href":"https:\/\/api.w.org\/{rel}","templated":true}]}}