{"id":1930,"date":"2025-10-27T11:35:07","date_gmt":"2025-10-27T09:35:07","guid":{"rendered":"https:\/\/www.voimapapu.fi\/?post_type=product&#038;p=1930"},"modified":"2025-11-17T13:40:31","modified_gmt":"2025-11-17T11:40:31","slug":"luonnon-oikku-suklaacappuccinotaateli","status":"publish","type":"product","link":"https:\/\/www.voimapapu.fi\/en\/product\/luonnon-oikku-suklaacappuccinotaateli\/","title":{"rendered":"Luonnon Oikku, Suklaa-Cappuccinotaateli 200 g"},"content":{"rendered":"<p>Sis. taateli, sokeri, MAITOJAUHE, glukoosisiirappi, kookosrasva, pakastekuivattu kahvi, HERAJAUHE, kaakao, suola, E 341.<br \/>\nGluteeniton<br \/>\nPakattu tilassa, jossa k\u00e4sitell\u00e4\u00e4n p\u00e4hkin\u00f6it\u00e4. S\u00e4ilytys kuivassa ja viile\u00e4ss\u00e4.<\/p>","protected":false},"excerpt":{"rendered":"<p>Suussasulavan herkullinen suklaa-cappuccinotaateli, jossa hyvin mieto kahvin maku ryhditt\u00e4\u00e4 pehme\u00e4\u00e4 suklaista makua. Suklaa-cappuccinotaateli on oiva korvike suklaalle.<\/p>","protected":false},"featured_media":1932,"comment_status":"closed","ping_status":"closed","template":"","meta":{"_monsterinsights_skip_tracking":false,"_monsterinsights_sitenote_active":false,"_monsterinsights_sitenote_note":"","_monsterinsights_sitenote_category":0,"_uf_show_specific_survey":0,"_uf_disable_surveys":false},"product_brand":[],"product_cat":[15],"product_tag":[50,78,165,110],"class_list":{"0":"post-1930","1":"product","2":"type-product","3":"status-publish","4":"has-post-thumbnail","6":"product_cat-muut","7":"product_tag-gluteeniton","8":"product_tag-lahiruoka","9":"product_tag-luonnonoikku","10":"product_tag-taateli","12":"first","13":"instock","14":"taxable","15":"shipping-taxable","16":"purchasable","17":"product-type-simple"},"aioseo_notices":[],"_links":{"self":[{"href":"https:\/\/www.voimapapu.fi\/en\/wp-json\/wp\/v2\/product\/1930","targetHints":{"allow":["GET"]}}],"collection":[{"href":"https:\/\/www.voimapapu.fi\/en\/wp-json\/wp\/v2\/product"}],"about":[{"href":"https:\/\/www.voimapapu.fi\/en\/wp-json\/wp\/v2\/types\/product"}],"replies":[{"embeddable":true,"href":"https:\/\/www.voimapapu.fi\/en\/wp-json\/wp\/v2\/comments?post=1930"}],"wp:featuredmedia":[{"embeddable":true,"href":"https:\/\/www.voimapapu.fi\/en\/wp-json\/wp\/v2\/media\/1932"}],"wp:attachment":[{"href":"https:\/\/www.voimapapu.fi\/en\/wp-json\/wp\/v2\/media?parent=1930"}],"wp:term":[{"taxonomy":"product_brand","embeddable":true,"href":"https:\/\/www.voimapapu.fi\/en\/wp-json\/wp\/v2\/product_brand?post=1930"},{"taxonomy":"product_cat","embeddable":true,"href":"https:\/\/www.voimapapu.fi\/en\/wp-json\/wp\/v2\/product_cat?post=1930"},{"taxonomy":"product_tag","embeddable":true,"href":"https:\/\/www.voimapapu.fi\/en\/wp-json\/wp\/v2\/product_tag?post=1930"}],"curies":[{"name":"wp","href":"https:\/\/api.w.org\/{rel}","templated":true}]}}