{"id":1933,"date":"2025-10-27T11:42:22","date_gmt":"2025-10-27T09:42:22","guid":{"rendered":"https:\/\/www.voimapapu.fi\/?post_type=product&#038;p=1933"},"modified":"2026-01-29T18:13:44","modified_gmt":"2026-01-29T16:13:44","slug":"luonnon-oikku-piparkakkutaateli-200-g","status":"publish","type":"product","link":"https:\/\/www.voimapapu.fi\/en\/product\/luonnon-oikku-piparkakkutaateli-200-g\/","title":{"rendered":"Luonnon Oikku, Herkullinen piparkakkutaateli 200 g"},"content":{"rendered":"<p>Sis. taateli, kaneli, neilikka, inkiv\u00e4\u00e4ri, kardemumma, pomeranssinkuori, sokeri, maissit\u00e4rkkelys, kasvirasva.<br \/>\nPiparkakkutaatelit on pakattu tilassa, jossa k\u00e4sitell\u00e4\u00e4n p\u00e4hkin\u00f6it\u00e4. S\u00e4ilytys kuivassa ja viile\u00e4ss\u00e4.<br \/>\nGluteeniton, vegaaninen.<\/p>","protected":false},"excerpt":{"rendered":"<p>Piparkakun makuinen taateli on kausimaku, joka vie kielen menness\u00e4\u00e4n. Yhdess\u00e4 makea taateli ja piparkakkumauste luovat upean makuparin. Kokeile my\u00f6s t\u00e4t\u00e4 vinkki\u00e4\u00a0\u2013 nauti taateleita j\u00e4\u00e4kaappikylm\u00e4n\u00e4, aivan kuin perinteist\u00e4 piparkakkutaikinaa, mutta ilman ep\u00e4terveellist\u00e4\u00a0rasvaa. Piparkakkutaatelit ovatkin\u00a0herkullinen\u00a0karkin korvike, samalla kun niit\u00e4 voi hy\u00f6dynt\u00e4\u00e4 monissa eri j\u00e4lkiruoissa ja leivonnassa.<\/p>","protected":false},"featured_media":1934,"comment_status":"closed","ping_status":"closed","template":"","meta":{"_monsterinsights_skip_tracking":false,"_monsterinsights_sitenote_active":false,"_monsterinsights_sitenote_note":"","_monsterinsights_sitenote_category":0,"_uf_show_specific_survey":0,"_uf_disable_surveys":false},"product_brand":[],"product_cat":[15],"product_tag":[50,109,78,165,110],"class_list":{"0":"post-1933","1":"product","2":"type-product","3":"status-publish","4":"has-post-thumbnail","6":"product_cat-muut","7":"product_tag-gluteeniton","8":"product_tag-joulu","9":"product_tag-lahiruoka","10":"product_tag-luonnonoikku","11":"product_tag-taateli","13":"first","14":"instock","15":"taxable","16":"shipping-taxable","17":"purchasable","18":"product-type-simple"},"aioseo_notices":[],"_links":{"self":[{"href":"https:\/\/www.voimapapu.fi\/en\/wp-json\/wp\/v2\/product\/1933","targetHints":{"allow":["GET"]}}],"collection":[{"href":"https:\/\/www.voimapapu.fi\/en\/wp-json\/wp\/v2\/product"}],"about":[{"href":"https:\/\/www.voimapapu.fi\/en\/wp-json\/wp\/v2\/types\/product"}],"replies":[{"embeddable":true,"href":"https:\/\/www.voimapapu.fi\/en\/wp-json\/wp\/v2\/comments?post=1933"}],"wp:featuredmedia":[{"embeddable":true,"href":"https:\/\/www.voimapapu.fi\/en\/wp-json\/wp\/v2\/media\/1934"}],"wp:attachment":[{"href":"https:\/\/www.voimapapu.fi\/en\/wp-json\/wp\/v2\/media?parent=1933"}],"wp:term":[{"taxonomy":"product_brand","embeddable":true,"href":"https:\/\/www.voimapapu.fi\/en\/wp-json\/wp\/v2\/product_brand?post=1933"},{"taxonomy":"product_cat","embeddable":true,"href":"https:\/\/www.voimapapu.fi\/en\/wp-json\/wp\/v2\/product_cat?post=1933"},{"taxonomy":"product_tag","embeddable":true,"href":"https:\/\/www.voimapapu.fi\/en\/wp-json\/wp\/v2\/product_tag?post=1933"}],"curies":[{"name":"wp","href":"https:\/\/api.w.org\/{rel}","templated":true}]}}