{"id":231,"date":"2024-03-26T11:37:23","date_gmt":"2024-03-26T09:37:23","guid":{"rendered":"https:\/\/www.voimapapu.fi\/?post_type=product&#038;p=231"},"modified":"2024-08-26T10:56:47","modified_gmt":"2024-08-26T07:56:47","slug":"paahdettu-harkapapurouhe","status":"publish","type":"product","link":"https:\/\/www.voimapapu.fi\/en\/product\/paahdettu-harkapapurouhe\/","title":{"rendered":"VOIMA-PAPU Roasted, ground fava bean"},"content":{"rendered":"<p>Ainesosat: h\u00e4rk\u00e4papu 100%<br \/>\nIngredienser: bondb\u00f6nor 100%<\/p>\n<p>Kyps\u00e4<br \/>\nGluteeniton<br \/>\nVegaaninen<br \/>\nP\u00e4hkin\u00e4t\u00f6n<br \/>\nProteiinipitoinen<br \/>\nKuitupitoinen<\/p>\n<table dir=\"ltr\" border=\"1\" cellspacing=\"0\" cellpadding=\"0\" data-sheets-root=\"1\">\n<colgroup>\n<col width=\"285\" \/><\/colgroup>\n<tbody>\n<tr>\n<td data-sheets-value=\"{&quot;1&quot;:2,&quot;2&quot;:&quot;Ravinto-arvot:&quot;}\">Ravinto-arvot\/N\u00e4ringsv\u00e4rde:<\/td>\n<\/tr>\n<tr>\n<td data-sheets-value=\"{&quot;1&quot;:2,&quot;2&quot;:&quot;Energia 1444kJ \/ 343 kcal&quot;}\">Energia\/Energi 1444kJ \/ 343 kcal<\/td>\n<\/tr>\n<tr>\n<td data-sheets-value=\"{&quot;1&quot;:2,&quot;2&quot;:&quot;Rasvaa 1,9g josta tyydyttyneit\u00e4 rasvahappoja 0,2g&quot;}\">Rasvaa\/Fett 1,9g josta tyydyttyneit\u00e4 rasvahappoja\/varav m\u00e4ttade fettsyror 0,2g<\/td>\n<\/tr>\n<tr>\n<td data-sheets-value=\"{&quot;1&quot;:2,&quot;2&quot;:&quot;Hiilihydraattia 40,5g josta sokeria 1,2g&quot;}\">Hiilihydraattia\/Kolhydrater 40,5g josta sokeria\/varav socker 1,2g<\/td>\n<\/tr>\n<tr>\n<td data-sheets-value=\"{&quot;1&quot;:2,&quot;2&quot;:&quot;Ravintokuitua 22g&quot;}\">Ravintokuitua\/Kostfiber 22g<\/td>\n<\/tr>\n<tr>\n<td data-sheets-value=\"{&quot;1&quot;:2,&quot;2&quot;:&quot;Proteiinia 29,6g&quot;}\">Proteiinia\/Protein 29,6g<\/td>\n<\/tr>\n<tr>\n<td data-sheets-value=\"{&quot;1&quot;:2,&quot;2&quot;:&quot;Suola 0,002g&quot;}\">Suola\/Salt 0,002g<\/td>\n<\/tr>\n<\/tbody>\n<\/table>","protected":false},"excerpt":{"rendered":"<p>Paahdettu h\u00e4rk\u00e4papu rouhittuna<br \/>\nRostade, krossade bondb\u00f6nor<\/p>\n<p>Sopii raaka- ja tuorepuuroihin, jugurttiin tai keittoon. Valmis k\u00e4ytett\u00e4v\u00e4ksi, my\u00f6s ruuanlaittoon.<br \/>\nK\u00e4yt\u00e4 smoothien joukkoon kuitua tuomaan, puuron p\u00e4\u00e4lle tai retkiruokana.<\/p>\n<p><a href=\"https:\/\/karviaistentila.fi\/resepti-pankki\/voima-papu-nice-cream\/\" target=\"_blank\" rel=\"noopener\">Voima-Papu Nice Cream<\/a><\/p>\n<p><a href=\"https:\/\/karviaistentila.fi\/resepti-pankki\/voima-papu-spelttilaatikko-makaroonilaatikko-vg\/\" target=\"_blank\" rel=\"noopener\">Voima-Papu Spelttimakaronilaatikko<\/a><\/p>","protected":false},"featured_media":222,"comment_status":"closed","ping_status":"closed","template":"","meta":{"_monsterinsights_skip_tracking":false,"_monsterinsights_sitenote_active":false,"_monsterinsights_sitenote_note":"","_monsterinsights_sitenote_category":0,"_uf_show_specific_survey":0,"_uf_disable_surveys":false},"product_brand":[],"product_cat":[22,20],"product_tag":[44,57],"class_list":{"0":"post-231","1":"product","2":"type-product","3":"status-publish","4":"has-post-thumbnail","6":"product_cat-aamiainen","7":"product_cat-ruoanlaitto","8":"product_tag-harkapapurouhe","9":"product_tag-kypsa","11":"first","12":"instock","13":"featured","14":"taxable","15":"shipping-taxable","16":"purchasable","17":"product-type-variable"},"aioseo_notices":[],"_links":{"self":[{"href":"https:\/\/www.voimapapu.fi\/en\/wp-json\/wp\/v2\/product\/231","targetHints":{"allow":["GET"]}}],"collection":[{"href":"https:\/\/www.voimapapu.fi\/en\/wp-json\/wp\/v2\/product"}],"about":[{"href":"https:\/\/www.voimapapu.fi\/en\/wp-json\/wp\/v2\/types\/product"}],"replies":[{"embeddable":true,"href":"https:\/\/www.voimapapu.fi\/en\/wp-json\/wp\/v2\/comments?post=231"}],"wp:featuredmedia":[{"embeddable":true,"href":"https:\/\/www.voimapapu.fi\/en\/wp-json\/wp\/v2\/media\/222"}],"wp:attachment":[{"href":"https:\/\/www.voimapapu.fi\/en\/wp-json\/wp\/v2\/media?parent=231"}],"wp:term":[{"taxonomy":"product_brand","embeddable":true,"href":"https:\/\/www.voimapapu.fi\/en\/wp-json\/wp\/v2\/product_brand?post=231"},{"taxonomy":"product_cat","embeddable":true,"href":"https:\/\/www.voimapapu.fi\/en\/wp-json\/wp\/v2\/product_cat?post=231"},{"taxonomy":"product_tag","embeddable":true,"href":"https:\/\/www.voimapapu.fi\/en\/wp-json\/wp\/v2\/product_tag?post=231"}],"curies":[{"name":"wp","href":"https:\/\/api.w.org\/{rel}","templated":true}]}}