{"id":236,"date":"2024-03-26T11:52:39","date_gmt":"2024-03-26T09:52:39","guid":{"rendered":"https:\/\/www.voimapapu.fi\/?post_type=product&#038;p=236"},"modified":"2026-01-29T19:25:58","modified_gmt":"2026-01-29T17:25:58","slug":"harkapapurouhe-raaka","status":"publish","type":"product","link":"https:\/\/www.voimapapu.fi\/en\/product\/harkapapurouhe-raaka\/","title":{"rendered":"VOIMA-PAPU Raaka h\u00e4rk\u00e4papurouhe ruuanlaittoon"},"content":{"rendered":"<p>Ainesosat: h\u00e4rk\u00e4papu 100%<br \/>\nIngredienser: bondb\u00f6nor 100%<\/p>\n<p>Gluteeniton<br \/>\nVegaaninen<br \/>\nP\u00e4hkin\u00e4t\u00f6n<br \/>\nProteiinipitoinen<br \/>\nKuitupitoinen<\/p>\n<p>Ravinto-arvot\/N\u00e4ringsv\u00e4rde:Energia\/Energi 1384kJ \/ 331 kcal, Rasvaa\/fett 1,9g josta tyydyttyneit\u00e4 rasvahappoja\/varav m\u00e4ttade fettsyror 0,2g, Hiilihydraattia\/kolhydrater 42,2g josta sokeria\/varav socker 5,7g, Ravintokuitua\/Kostfiber 14,5g, Proteiinia\/Protein 28,8g, Suola\/Salt 0,0065g<\/p>\n<p>&nbsp;<\/p>\n<p><img fetchpriority=\"high\" decoding=\"async\" class=\"alignnone size-medium wp-image-2688\" src=\"https:\/\/www.voimapapu.fi\/wp-content\/uploads\/2024\/03\/sydanmerkki_harkapapu_rouhe_voimapapu-1-300x300.jpg\" alt=\"\" width=\"300\" height=\"300\" srcset=\"https:\/\/www.voimapapu.fi\/wp-content\/uploads\/2024\/03\/sydanmerkki_harkapapu_rouhe_voimapapu-1-300x300.jpg 300w, https:\/\/www.voimapapu.fi\/wp-content\/uploads\/2024\/03\/sydanmerkki_harkapapu_rouhe_voimapapu-1-150x150.jpg 150w, https:\/\/www.voimapapu.fi\/wp-content\/uploads\/2024\/03\/sydanmerkki_harkapapu_rouhe_voimapapu-1-12x12.jpg 12w, https:\/\/www.voimapapu.fi\/wp-content\/uploads\/2024\/03\/sydanmerkki_harkapapu_rouhe_voimapapu-1-100x100.jpg 100w, https:\/\/www.voimapapu.fi\/wp-content\/uploads\/2024\/03\/sydanmerkki_harkapapu_rouhe_voimapapu-1.jpg 330w\" sizes=\"(max-width: 300px) 100vw, 300px\" \/><\/p>\n<p>Pakkaus koot:<br \/>\n500g ean:6415350017532,<br \/>\n1 kg\u00a0 ean:6415350017549<br \/>\n5 kg\u00a0 ean:6430066540051<br \/>\n10kg ean:6430066540082<\/p>\n<p>Jos olet kiinnostunut suuremmista pakkauksista elintarvike teollisuuteen niin ota yhteytt\u00e4 <a href=\"https:\/\/www.voimapapu.fi\/en\/ota-yhteytta\/\">Katriina ja kysy tarjousta<\/a><\/p>","protected":false},"excerpt":{"rendered":"<p>Tuote on raakaa rouhittua h\u00e4rk\u00e4papua jolla on syd\u00e4nmerkki haettuna.<br \/>\nKrossad bondb\u00f6na, r\u00e5<\/p>\n<p>Suositellaan kypsennett\u00e4v\u00e4ksi.<br \/>\nSopii lihankorvikkeeksi vegaaniruokiin kastikkeisiin, pihveihin tai falafelleihin. Voi k\u00e4ytt\u00e4\u00e4 my\u00f6s leiv\u00e4n, s\u00e4mpyl\u00e4n tai n\u00e4kk\u00e4rin leivontaan. Tuote on maustamaton ja raaka, n\u00e4in sit\u00e4 voi k\u00e4ytt\u00e4\u00e4 soijarouheen tapaan. H\u00e4rk\u00e4papu rouhe turpoaa melkein kaksinkertaiseksi kun lis\u00e4\u00e4t siihen nestett\u00e4. Maustamisessa pit\u00e4\u00e4 k\u00e4ytt\u00e4\u00e4 rohkeasti maustetta, noin kaksin kertainen m\u00e4\u00e4r\u00e4 liharuokiin verrattuna.<\/p>\n<p>Katso herkulliset reseptimme t\u00e4st\u00e4 tuotteesta:<br \/>\n<a href=\"https:\/\/karviaistentila.fi\/resepti-pankki\/falafelli-suomalaiseen-makuun-gluteeniton-ja-vg\/\" target=\"_blank\" rel=\"noopener\">Falafelli suomalaiseen makuun<\/a><\/p>\n<p><a href=\"https:\/\/karviaistentila.fi\/resepti-pankki\/voima-papu-feta-pasta\/\" target=\"_blank\" rel=\"noopener\">Voima-Papu fetapasta<\/a><\/p>","protected":false},"featured_media":272,"comment_status":"closed","ping_status":"closed","template":"","meta":{"_monsterinsights_skip_tracking":false,"_monsterinsights_sitenote_active":false,"_monsterinsights_sitenote_note":"","_monsterinsights_sitenote_category":0,"_uf_show_specific_survey":0,"_uf_disable_surveys":false},"product_brand":[],"product_cat":[21,20],"product_tag":[317,320,170,319,198,50,49,44,315,318,316,312,313,314,167,166],"class_list":{"0":"post-236","1":"product","2":"type-product","3":"status-publish","4":"has-post-thumbnail","6":"product_cat-leivonta","7":"product_cat-ruoanlaitto","8":"product_tag-b2b","9":"product_tag-bean","10":"product_tag-elintarviketeollisuus","11":"product_tag-falafell","12":"product_tag-fava","13":"product_tag-gluteeniton","14":"product_tag-harkapapu","15":"product_tag-harkapapurouhe","16":"product_tag-lihankorvike","17":"product_tag-raaka-aine","18":"product_tag-soijankorvike","19":"product_tag-soijarouhe","20":"product_tag-vege","21":"product_tag-vegeruoka","22":"product_tag-voima-papu","23":"product_tag-voimapapu","25":"first","26":"instock","27":"featured","28":"taxable","29":"shipping-taxable","30":"purchasable","31":"product-type-variable"},"aioseo_notices":[],"_links":{"self":[{"href":"https:\/\/www.voimapapu.fi\/en\/wp-json\/wp\/v2\/product\/236","targetHints":{"allow":["GET"]}}],"collection":[{"href":"https:\/\/www.voimapapu.fi\/en\/wp-json\/wp\/v2\/product"}],"about":[{"href":"https:\/\/www.voimapapu.fi\/en\/wp-json\/wp\/v2\/types\/product"}],"replies":[{"embeddable":true,"href":"https:\/\/www.voimapapu.fi\/en\/wp-json\/wp\/v2\/comments?post=236"}],"wp:featuredmedia":[{"embeddable":true,"href":"https:\/\/www.voimapapu.fi\/en\/wp-json\/wp\/v2\/media\/272"}],"wp:attachment":[{"href":"https:\/\/www.voimapapu.fi\/en\/wp-json\/wp\/v2\/media?parent=236"}],"wp:term":[{"taxonomy":"product_brand","embeddable":true,"href":"https:\/\/www.voimapapu.fi\/en\/wp-json\/wp\/v2\/product_brand?post=236"},{"taxonomy":"product_cat","embeddable":true,"href":"https:\/\/www.voimapapu.fi\/en\/wp-json\/wp\/v2\/product_cat?post=236"},{"taxonomy":"product_tag","embeddable":true,"href":"https:\/\/www.voimapapu.fi\/en\/wp-json\/wp\/v2\/product_tag?post=236"}],"curies":[{"name":"wp","href":"https:\/\/api.w.org\/{rel}","templated":true}]}}