{"id":239,"date":"2024-03-26T12:01:19","date_gmt":"2024-03-26T10:01:19","guid":{"rendered":"https:\/\/www.voimapapu.fi\/?post_type=product&#038;p=239"},"modified":"2026-01-29T18:20:27","modified_gmt":"2026-01-29T16:20:27","slug":"paahdettu-harkapapu","status":"publish","type":"product","link":"https:\/\/www.voimapapu.fi\/en\/product\/paahdettu-harkapapu\/","title":{"rendered":"VOIMA-PAPU Paahdettu Kokonainen H\u00e4rk\u00e4papu"},"content":{"rendered":"<p>Ainesosat: paahdettu suomalainen h\u00e4rk\u00e4papu 100%<br \/>\nIngredienser: bondb\u00f6nor 100%<\/p>\n<p>Tuote on valmiiksi kyps\u00e4. Kaikki Voima-Papu tuotteet ovat gluteenittomia, p\u00e4hkin\u00e4tt\u00f6mi\u00e4 ja eritt\u00e4in proteiini sek\u00e4 kuitupitoisia. T\u00e4ss\u00e4 tuotteessa kuitua jopa 22%.<br \/>\nTuote on my\u00f6s vegaaninen.<\/p>","protected":false},"excerpt":{"rendered":"<p>Paahdettu kokonainen h\u00e4rk\u00e4papu 1 kg<br \/>\nRostade hela bondb\u00f6nor 1 kg<\/p>\n<p>Heti valmis k\u00e4ytett\u00e4v\u00e4ksi keittoon, pataan tai salaattiin.<\/p>","protected":false},"featured_media":223,"comment_status":"closed","ping_status":"closed","template":"","meta":{"_monsterinsights_skip_tracking":false,"_monsterinsights_sitenote_active":false,"_monsterinsights_sitenote_note":"","_monsterinsights_sitenote_category":0,"_uf_show_specific_survey":0,"_uf_disable_surveys":false},"product_brand":[],"product_cat":[20],"product_tag":[198,50,54,45,52,310,53,308,309,55],"class_list":{"0":"post-239","1":"product","2":"type-product","3":"status-publish","4":"has-post-thumbnail","6":"product_cat-ruoanlaitto","7":"product_tag-fava","8":"product_tag-gluteeniton","9":"product_tag-kuitupitoinen","10":"product_tag-paahdettu-kokonainen-harkapapu","11":"product_tag-pahkinaton","12":"product_tag-plantbase","13":"product_tag-proteiinipitoinen","14":"product_tag-salaattiin","15":"product_tag-valipalaksi","16":"product_tag-vegaaninen","18":"first","19":"instock","20":"taxable","21":"shipping-taxable","22":"purchasable","23":"product-type-simple"},"aioseo_notices":[],"_links":{"self":[{"href":"https:\/\/www.voimapapu.fi\/en\/wp-json\/wp\/v2\/product\/239","targetHints":{"allow":["GET"]}}],"collection":[{"href":"https:\/\/www.voimapapu.fi\/en\/wp-json\/wp\/v2\/product"}],"about":[{"href":"https:\/\/www.voimapapu.fi\/en\/wp-json\/wp\/v2\/types\/product"}],"replies":[{"embeddable":true,"href":"https:\/\/www.voimapapu.fi\/en\/wp-json\/wp\/v2\/comments?post=239"}],"wp:featuredmedia":[{"embeddable":true,"href":"https:\/\/www.voimapapu.fi\/en\/wp-json\/wp\/v2\/media\/223"}],"wp:attachment":[{"href":"https:\/\/www.voimapapu.fi\/en\/wp-json\/wp\/v2\/media?parent=239"}],"wp:term":[{"taxonomy":"product_brand","embeddable":true,"href":"https:\/\/www.voimapapu.fi\/en\/wp-json\/wp\/v2\/product_brand?post=239"},{"taxonomy":"product_cat","embeddable":true,"href":"https:\/\/www.voimapapu.fi\/en\/wp-json\/wp\/v2\/product_cat?post=239"},{"taxonomy":"product_tag","embeddable":true,"href":"https:\/\/www.voimapapu.fi\/en\/wp-json\/wp\/v2\/product_tag?post=239"}],"curies":[{"name":"wp","href":"https:\/\/api.w.org\/{rel}","templated":true}]}}