{"id":240,"date":"2024-03-26T12:01:39","date_gmt":"2024-03-26T10:01:39","guid":{"rendered":"https:\/\/www.voimapapu.fi\/?post_type=product&#038;p=240"},"modified":"2026-01-26T12:13:00","modified_gmt":"2026-01-26T10:13:00","slug":"puolikas-kuorittu","status":"publish","type":"product","link":"https:\/\/www.voimapapu.fi\/en\/product\/puolikas-kuorittu\/","title":{"rendered":"VOIMA-PAPU Kuorittua h\u00e4rk\u00e4papu ruuanlaittoon"},"content":{"rendered":"<p>Ainesosat: h\u00e4rk\u00e4papu 100%<br \/>\nIngredienser: bondb\u00f6nor 100%<\/p>\n<p>Raaka kuorittu h\u00e4rk\u00e4papu, gluteeniton, vegaaninen, p\u00e4hkin\u00e4t\u00f6n eritt\u00e4in proteiinipitoinen mutta silti my\u00f6s kuitupitoinen.<\/p>\n<p>L\u00f6ytyy my\u00f6s K-kaupoista 800g pakkauksessa ean: 6430066541140<\/p>","protected":false},"excerpt":{"rendered":"<p>Puolikas kuorittu h\u00e4rk\u00e4papu 800g<br \/>\nSkalad h\u00e4lften bondb\u00f6na 800g<\/p>\n<p>Suositellaan kypsennett\u00e4v\u00e4ksi. Sopii esimerkiksi keittoon, wokki, laatikko tai pata ruokiin.<\/p>\n<p>Ravinto-arvot\/N\u00e4ringsv\u00e4rde:<br \/>\nEnergia\/Energi 1582kJ \/ 378 kcal, rasvaa\/fett 1,9g josta tyydyttyneit\u00e4 rasvahappoja\/varav m\u00e4ttade fettsyror 0,2g, hiilihydraattia\/kolhydrater 46,5g josta sokeria\/varav socker 5,3g, ravintokuitua\/Kostfiber 8,8g, proteiinia\/protein 33g, suola\/salt 0,0065g<\/p>","protected":false},"featured_media":269,"comment_status":"closed","ping_status":"closed","template":"","meta":{"_monsterinsights_skip_tracking":false,"_monsterinsights_sitenote_active":false,"_monsterinsights_sitenote_note":"","_monsterinsights_sitenote_category":0,"_uf_show_specific_survey":0,"_uf_disable_surveys":false},"product_brand":[],"product_cat":[20],"product_tag":[49,304,303,302,46,300,299,301,121,48],"class_list":{"0":"post-240","1":"product","2":"type-product","3":"status-publish","4":"has-post-thumbnail","6":"product_cat-ruoanlaitto","7":"product_tag-harkapapu","8":"product_tag-ilmastoviisas","9":"product_tag-ilmastoviisasruoka","10":"product_tag-kasvisproteiini","11":"product_tag-kuorittu-puolikas-harkapapu","12":"product_tag-laatikkoruokaan","13":"product_tag-paroteiinipitoinen","14":"product_tag-planbase","15":"product_tag-plantprotein","16":"product_tag-shellfree","18":"first","19":"instock","20":"taxable","21":"shipping-taxable","22":"purchasable","23":"product-type-simple"},"aioseo_notices":[],"_links":{"self":[{"href":"https:\/\/www.voimapapu.fi\/en\/wp-json\/wp\/v2\/product\/240","targetHints":{"allow":["GET"]}}],"collection":[{"href":"https:\/\/www.voimapapu.fi\/en\/wp-json\/wp\/v2\/product"}],"about":[{"href":"https:\/\/www.voimapapu.fi\/en\/wp-json\/wp\/v2\/types\/product"}],"replies":[{"embeddable":true,"href":"https:\/\/www.voimapapu.fi\/en\/wp-json\/wp\/v2\/comments?post=240"}],"wp:featuredmedia":[{"embeddable":true,"href":"https:\/\/www.voimapapu.fi\/en\/wp-json\/wp\/v2\/media\/269"}],"wp:attachment":[{"href":"https:\/\/www.voimapapu.fi\/en\/wp-json\/wp\/v2\/media?parent=240"}],"wp:term":[{"taxonomy":"product_brand","embeddable":true,"href":"https:\/\/www.voimapapu.fi\/en\/wp-json\/wp\/v2\/product_brand?post=240"},{"taxonomy":"product_cat","embeddable":true,"href":"https:\/\/www.voimapapu.fi\/en\/wp-json\/wp\/v2\/product_cat?post=240"},{"taxonomy":"product_tag","embeddable":true,"href":"https:\/\/www.voimapapu.fi\/en\/wp-json\/wp\/v2\/product_tag?post=240"}],"curies":[{"name":"wp","href":"https:\/\/api.w.org\/{rel}","templated":true}]}}