{"id":241,"date":"2024-03-26T12:05:12","date_gmt":"2024-03-26T10:05:12","guid":{"rendered":"https:\/\/www.voimapapu.fi\/?post_type=product&#038;p=241"},"modified":"2026-01-29T18:12:19","modified_gmt":"2026-01-29T16:12:19","slug":"chilinen-krutonki","status":"publish","type":"product","link":"https:\/\/www.voimapapu.fi\/en\/product\/chilinen-krutonki\/","title":{"rendered":"VOIMA-PAPU Chilinen Krutonki salaattiin tai keittoon"},"content":{"rendered":"<p>Ainesosat: H\u00e4rk\u00e4papu ja mausteet (Chili, Valkosipuli, cayennepippuri ja suola)<br \/>\nIngredienser: Bondb\u00f6nor och kryddor (Chili, vitl\u00f6k, cayennepeppar och salt)<\/p>\n<p>Tuote on gluteeniton sek\u00e4 p\u00e4hkin\u00e4t\u00f6n. Siin\u00e4 on my\u00f6s proteiinia runsaasti sek\u00e4 kuituja yli 14%. Teemme kaikki h\u00e4rk\u00e4papu tuotteemme my\u00f6s vegaanisena.<\/p>\n<p>100g ravinto-arvot\/ N\u00e4ringsv\u00e4rde:energiaa\/energi 1416 kJ \/ 338kcal, rasvaa\/fett 2,1g, josta tyydyttyneit\u00e4 rasvahappoja\/varav m\u00e4ttade fettsyror 0,2g, hiilihydraatteja\/kolhydrater 42,2g, sokeria\/socker 5,7g, Kuitua\/fiber 14,5%, Proteiini 28,6%, suola\/ salt 1,8g, Voimakassuolainen\/Kraftigt saltad, Eik\u00e4 lis\u00e4tty\u00e4 sokeria\/inte tillsatt socker<\/p>\n<p>&nbsp;<\/p>","protected":false},"excerpt":{"rendered":"<p>Chilinen krutonki h\u00e4rk\u00e4pavusta 500g<br \/>\nChili Bondb\u00f6na krutong<\/p>\n<p>Sopii esimerkiksi keiton p\u00e4\u00e4lle tai salaattiin.<\/p>\n<p>Kattso helppo keitto resepti t\u00e4\u00e4lt\u00e4: <a href=\"https:\/\/www.voimapapu.fi\/en\/kurpitsakeitto\/\">KURPITSAKEITTO &#8211; Voima-Papu<\/a><\/p>","protected":false},"featured_media":219,"comment_status":"closed","ping_status":"closed","template":"","meta":{"_monsterinsights_skip_tracking":false,"_monsterinsights_sitenote_active":false,"_monsterinsights_sitenote_note":"","_monsterinsights_sitenote_category":0,"_uf_show_specific_survey":0,"_uf_disable_surveys":false},"product_brand":[],"product_cat":[20,23],"product_tag":[50,49,47,46,45,56,55],"class_list":{"0":"post-241","1":"product","2":"type-product","3":"status-publish","4":"has-post-thumbnail","6":"product_cat-ruoanlaitto","7":"product_cat-snacksit","8":"product_tag-gluteeniton","9":"product_tag-harkapapu","10":"product_tag-krutonki","11":"product_tag-kuorittu-puolikas-harkapapu","12":"product_tag-paahdettu-kokonainen-harkapapu","13":"product_tag-pahkikinaton","14":"product_tag-vegaaninen","16":"first","17":"instock","18":"taxable","19":"shipping-taxable","20":"purchasable","21":"product-type-simple"},"aioseo_notices":[],"_links":{"self":[{"href":"https:\/\/www.voimapapu.fi\/en\/wp-json\/wp\/v2\/product\/241","targetHints":{"allow":["GET"]}}],"collection":[{"href":"https:\/\/www.voimapapu.fi\/en\/wp-json\/wp\/v2\/product"}],"about":[{"href":"https:\/\/www.voimapapu.fi\/en\/wp-json\/wp\/v2\/types\/product"}],"replies":[{"embeddable":true,"href":"https:\/\/www.voimapapu.fi\/en\/wp-json\/wp\/v2\/comments?post=241"}],"wp:featuredmedia":[{"embeddable":true,"href":"https:\/\/www.voimapapu.fi\/en\/wp-json\/wp\/v2\/media\/219"}],"wp:attachment":[{"href":"https:\/\/www.voimapapu.fi\/en\/wp-json\/wp\/v2\/media?parent=241"}],"wp:term":[{"taxonomy":"product_brand","embeddable":true,"href":"https:\/\/www.voimapapu.fi\/en\/wp-json\/wp\/v2\/product_brand?post=241"},{"taxonomy":"product_cat","embeddable":true,"href":"https:\/\/www.voimapapu.fi\/en\/wp-json\/wp\/v2\/product_cat?post=241"},{"taxonomy":"product_tag","embeddable":true,"href":"https:\/\/www.voimapapu.fi\/en\/wp-json\/wp\/v2\/product_tag?post=241"}],"curies":[{"name":"wp","href":"https:\/\/api.w.org\/{rel}","templated":true}]}}