{"id":242,"date":"2024-03-26T12:13:08","date_gmt":"2024-03-26T10:13:08","guid":{"rendered":"https:\/\/www.voimapapu.fi\/?post_type=product&#038;p=242"},"modified":"2026-01-29T18:03:54","modified_gmt":"2026-01-29T16:03:54","slug":"maustamaton-krutonki","status":"publish","type":"product","link":"https:\/\/www.voimapapu.fi\/en\/product\/maustamaton-krutonki\/","title":{"rendered":"VOIMA-PAPU Maustamaton Krutonki Salaattiin"},"content":{"rendered":"<p>Ainesosat: Puhdasta suomalaista h\u00e4rk\u00e4papu\u00a0 100%<br \/>\nIngredienser: finska bondb\u00f6nor 100%<\/p>\n<p>Tuote on Gluteeniton, P\u00e4hkin\u00e4t\u00f6n, Proteiinipitoinen, Kuitupitoinen ja my\u00f6s Vegaaninen. Ei lis\u00e4tty\u00e4 sokeria eik\u00e4 lis\u00e4-aineita.<\/p>\n<p>Ravinto-arvot\/N\u00e4ringsv\u00e4rde 100g: Energiaa\/Energi 1384 kJ \/ 331kcal, Rasvaa\/Fett 1,9g, josta tyydyttyneit\u00e4 rasvahappoja\/varav m\u00e4ttade fettsyror 0,2g, Hiilihydraatteja\/Kolhydrater 42,2gjosta sokeria\/varav socker 5,7g, Kuitua\/Kostfiber 14,5%, Proteiini\/Protein 28,8%, Suolaa\/Salt 0,0065g Ei lis\u00e4tty\u00e4 sokeria eik\u00e4 suolaa\/inte tillsatt socker och salt<\/p>","protected":false},"excerpt":{"rendered":"<p>Maustamaton krutonki h\u00e4rk\u00e4pavusta 500g<br \/>\nKrutong av bondb\u00f6nor, naturel 500g<\/p>\n<p>Sopii esimerkiksi keiton p\u00e4\u00e4lle tai salaattiin.<\/p>","protected":false},"featured_media":369,"comment_status":"closed","ping_status":"closed","template":"","meta":{"_monsterinsights_skip_tracking":false,"_monsterinsights_sitenote_active":false,"_monsterinsights_sitenote_note":"","_monsterinsights_sitenote_category":0,"_uf_show_specific_survey":0,"_uf_disable_surveys":false},"product_brand":[],"product_cat":[20],"product_tag":[50,49,47,54,52,53,55],"class_list":{"0":"post-242","1":"product","2":"type-product","3":"status-publish","4":"has-post-thumbnail","6":"product_cat-ruoanlaitto","7":"product_tag-gluteeniton","8":"product_tag-harkapapu","9":"product_tag-krutonki","10":"product_tag-kuitupitoinen","11":"product_tag-pahkinaton","12":"product_tag-proteiinipitoinen","13":"product_tag-vegaaninen","15":"first","16":"instock","17":"taxable","18":"shipping-taxable","19":"purchasable","20":"product-type-simple"},"aioseo_notices":[],"_links":{"self":[{"href":"https:\/\/www.voimapapu.fi\/en\/wp-json\/wp\/v2\/product\/242","targetHints":{"allow":["GET"]}}],"collection":[{"href":"https:\/\/www.voimapapu.fi\/en\/wp-json\/wp\/v2\/product"}],"about":[{"href":"https:\/\/www.voimapapu.fi\/en\/wp-json\/wp\/v2\/types\/product"}],"replies":[{"embeddable":true,"href":"https:\/\/www.voimapapu.fi\/en\/wp-json\/wp\/v2\/comments?post=242"}],"wp:featuredmedia":[{"embeddable":true,"href":"https:\/\/www.voimapapu.fi\/en\/wp-json\/wp\/v2\/media\/369"}],"wp:attachment":[{"href":"https:\/\/www.voimapapu.fi\/en\/wp-json\/wp\/v2\/media?parent=242"}],"wp:term":[{"taxonomy":"product_brand","embeddable":true,"href":"https:\/\/www.voimapapu.fi\/en\/wp-json\/wp\/v2\/product_brand?post=242"},{"taxonomy":"product_cat","embeddable":true,"href":"https:\/\/www.voimapapu.fi\/en\/wp-json\/wp\/v2\/product_cat?post=242"},{"taxonomy":"product_tag","embeddable":true,"href":"https:\/\/www.voimapapu.fi\/en\/wp-json\/wp\/v2\/product_tag?post=242"}],"curies":[{"name":"wp","href":"https:\/\/api.w.org\/{rel}","templated":true}]}}