{"id":337,"date":"2024-04-17T10:02:46","date_gmt":"2024-04-17T07:02:46","guid":{"rendered":"https:\/\/www.voimapapu.fi\/?post_type=product&#038;p=337"},"modified":"2026-02-19T13:51:04","modified_gmt":"2026-02-19T11:51:04","slug":"voima-papu-muro","status":"publish","type":"product","link":"https:\/\/www.voimapapu.fi\/en\/product\/voima-papu-muro\/","title":{"rendered":"VOIMA-PAPU Muro terveellinen aamupala"},"content":{"rendered":"<h2>Super terveellinen h\u00e4rk\u00e4papumuro aamupalaan \/ v\u00e4lipalaan kun haetaan proteiini ja kuitupitoista ruokaa. V\u00e4h\u00e4n prosessoitu ja vastuullisesti tuotettu, huomaa ainesosat vain h\u00e4rk\u00e4papu. <strong>Ei lis\u00e4tty\u00e4 suolaa tai sokeria. Syd\u00e4nmerkkituote !<\/strong><\/h2>\n<p>Ainesosat: h\u00e4rk\u00e4papu\u00a0 100%<br \/>\nIngredienser: bondb\u00f6nor 100%<\/p>\n<p>Maustamaton gluteeniton ja p\u00e4hkin\u00e4t\u00f6n h\u00e4rk\u00e4papumuro joka on eritt\u00e4in proteiinipitoinen sek\u00e4 kuitupitoinen. Sopii hyvin aamupalasta salaatteihin koska on maustamaton.<\/p>\n<p>200g ean: 6430066540532<br \/>\nOn K- ja S- ryhm\u00e4n varasto tuotteena, voit pyyt\u00e4\u00e4 200g tuotepakkausta siis omaan l\u00e4hikauppaasi.<\/p>\n<p>Ravinto-arvot\/N\u00e4ringsv\u00e4rde 100g: Energiaa\/Energi 1384 kJ \/ 331kcal, rasvaa\/Fett 1,9g, josta tyydyttyneit\u00e4 rasvahappoja\/arav m\u00e4ttade fettsyror 0,2g, hiilihydraatteja\/Kolhydrater 42,2g, josta sokeria\/varav socker 5,7g, kuitua\/kostfiber 14,5%, proteiini\/protein 28,8%, suolaa\/salt 0,0065g. Tuotteessa ei lis\u00e4tty\u00e4 sokeria eik\u00e4 suolaa\/ inte tillsatt socker och salt.<\/p>\n<p><img fetchpriority=\"high\" decoding=\"async\" class=\"alignnone size-medium wp-image-2688\" src=\"https:\/\/www.voimapapu.fi\/wp-content\/uploads\/2024\/03\/sydanmerkki_harkapapu_rouhe_voimapapu-1-300x300.jpg\" alt=\"\" width=\"300\" height=\"300\" srcset=\"https:\/\/www.voimapapu.fi\/wp-content\/uploads\/2024\/03\/sydanmerkki_harkapapu_rouhe_voimapapu-1-300x300.jpg 300w, https:\/\/www.voimapapu.fi\/wp-content\/uploads\/2024\/03\/sydanmerkki_harkapapu_rouhe_voimapapu-1-150x150.jpg 150w, https:\/\/www.voimapapu.fi\/wp-content\/uploads\/2024\/03\/sydanmerkki_harkapapu_rouhe_voimapapu-1-12x12.jpg 12w, https:\/\/www.voimapapu.fi\/wp-content\/uploads\/2024\/03\/sydanmerkki_harkapapu_rouhe_voimapapu-1-100x100.jpg 100w, https:\/\/www.voimapapu.fi\/wp-content\/uploads\/2024\/03\/sydanmerkki_harkapapu_rouhe_voimapapu-1.jpg 330w\" sizes=\"(max-width: 300px) 100vw, 300px\" \/><\/p>","protected":false},"excerpt":{"rendered":"<p>Gluteeniton, maustamaton aamiaismuro h\u00e4rk\u00e4pavusta.<br \/>\nGlutenfri frukostflingor av bondb\u00f6nor, naturel<\/p>\n<p>Terveellinen ja proteiinipitoinen aamiaismuro. Proteiinia jopa 28,8%. Koe t\u00e4ss\u00e4 kaikki h\u00e4rk\u00e4pavun hy\u00f6dyt. Sopii jogurtin joukkoon tai aamiaismuroksi maidon kera ilman lis\u00e4tty\u00e4 sokeria ja suolaa.<\/p>\n<p><a href=\"https:\/\/karviaistentila.fi\/resepti-pankki\/kaakao-voima-papu-murot-gl-vegan\/\" target=\"_blank\" rel=\"noopener\">Kaakao Voima-Papu Murot (GL, Vegan)<\/a><\/p>","protected":false},"featured_media":370,"comment_status":"closed","ping_status":"closed","template":"","meta":{"_monsterinsights_skip_tracking":false,"_monsterinsights_sitenote_active":false,"_monsterinsights_sitenote_note":"","_monsterinsights_sitenote_category":0,"_uf_show_specific_survey":0,"_uf_disable_surveys":false},"product_brand":[],"product_cat":[22],"product_tag":[50,49,47,54,52,121,120,53,325,326,116,117,119,55,118],"class_list":{"0":"post-337","1":"product","2":"type-product","3":"status-publish","4":"has-post-thumbnail","6":"product_cat-aamiainen","7":"product_tag-gluteeniton","8":"product_tag-harkapapu","9":"product_tag-krutonki","10":"product_tag-kuitupitoinen","11":"product_tag-pahkinaton","12":"product_tag-plantprotein","13":"product_tag-proteiini","14":"product_tag-proteiinipitoinen","15":"product_tag-sydanmerkki","16":"product_tag-sydanmerkkituote","17":"product_tag-terveellinen","18":"product_tag-terveellinen-aamiainen","19":"product_tag-vastuullisuus","20":"product_tag-vegaaninen","21":"product_tag-vegan","23":"first","24":"instock","25":"featured","26":"taxable","27":"shipping-taxable","28":"purchasable","29":"product-type-variable","30":"has-default-attributes"},"aioseo_notices":[],"_links":{"self":[{"href":"https:\/\/www.voimapapu.fi\/en\/wp-json\/wp\/v2\/product\/337","targetHints":{"allow":["GET"]}}],"collection":[{"href":"https:\/\/www.voimapapu.fi\/en\/wp-json\/wp\/v2\/product"}],"about":[{"href":"https:\/\/www.voimapapu.fi\/en\/wp-json\/wp\/v2\/types\/product"}],"replies":[{"embeddable":true,"href":"https:\/\/www.voimapapu.fi\/en\/wp-json\/wp\/v2\/comments?post=337"}],"wp:featuredmedia":[{"embeddable":true,"href":"https:\/\/www.voimapapu.fi\/en\/wp-json\/wp\/v2\/media\/370"}],"wp:attachment":[{"href":"https:\/\/www.voimapapu.fi\/en\/wp-json\/wp\/v2\/media?parent=337"}],"wp:term":[{"taxonomy":"product_brand","embeddable":true,"href":"https:\/\/www.voimapapu.fi\/en\/wp-json\/wp\/v2\/product_brand?post=337"},{"taxonomy":"product_cat","embeddable":true,"href":"https:\/\/www.voimapapu.fi\/en\/wp-json\/wp\/v2\/product_cat?post=337"},{"taxonomy":"product_tag","embeddable":true,"href":"https:\/\/www.voimapapu.fi\/en\/wp-json\/wp\/v2\/product_tag?post=337"}],"curies":[{"name":"wp","href":"https:\/\/api.w.org\/{rel}","templated":true}]}}