{"id":346,"date":"2024-04-21T11:50:28","date_gmt":"2024-04-21T08:50:28","guid":{"rendered":"https:\/\/www.voimapapu.fi\/?post_type=product&#038;p=346"},"modified":"2026-01-26T12:59:30","modified_gmt":"2026-01-26T10:59:30","slug":"paahdettu-suolattu-harkapapu","status":"publish","type":"product","link":"https:\/\/www.voimapapu.fi\/en\/product\/paahdettu-suolattu-harkapapu\/","title":{"rendered":"VOIMA-PAPU Paahdettu Suolattu Kokonainen H\u00e4rk\u00e4papu v\u00e4lipalaksi"},"content":{"rendered":"<p>Ainesosat: h\u00e4rk\u00e4papu, suomalainen rypsi\u00f6ljy ja jodioitu suola 0,5%<br \/>\nIngredienser: bondb\u00f6nor, finsk rapsolja och joderat salt<\/p>\n<p>kyps\u00e4 paahdettu rapea h\u00e4rk\u00e4papu jossa kuoret my\u00f6s mukana, t\u00e4m\u00e4n takia voi tuntua jonkun suussa my\u00f6s kovalta.<br \/>\nGluteeniton, vegaaninen, p\u00e4hkin\u00e4t\u00f6n ja eritt\u00e4in proteiini- sek\u00e4 kuitupitoinen<\/p>\n<p>&nbsp;<\/p>\n<p>Ravinto-arvot\/N\u00e4ringsv\u00e4rde:<br \/>\nEnergia\/Energi 1444kJ \/ 343 kcal, rasvaa\/fett 2,0g josta tyydyttyneit\u00e4 rasvahappoja\/varav m\u00e4ttade fettsyror 0,3g<br \/>\nHiilihydraattia\/kolhydrater 40,5g josta sokeria\/varav socker 1,2g, ravintokuitua\/kostfiber 22,3g, proteiinia\/protein 29,6g, suola\/salt 0,05g<\/p>","protected":false},"excerpt":{"rendered":"<p>Paahdettu suolainen kokonainen h\u00e4rk\u00e4papu jossa my\u00f6s h\u00e4rk\u00e4pavun kuoret mukana, t\u00e4ss\u00e4 tuotteessa on h\u00e4rk\u00e4pavun omat sokerit pilkkoutuneet hyvin, h\u00e4rk\u00e4pavun omia sokereita en\u00e4\u00e4 vain 1,2%.<br \/>\nProteiinia 29,6% ja kuitua 22%<\/p>\n<p>Rostade och saltade hela bondb\u00f6nor<\/p>\n<p>V\u00e4lipalaksi sellaisenaan, naposteluun tai salaatin joukkoon. Lis\u00e4tty jodioitua suolaa vain 0,5% pinnalle, ravista pussi ennen aukasua.<\/p>\n<p>Pakkaus koot:<br \/>\n120g ean:6430066540129<br \/>\n1 kg\u00a0 ean:6430066540143<\/p>","protected":false},"featured_media":349,"comment_status":"closed","ping_status":"closed","template":"","meta":{"_monsterinsights_skip_tracking":false,"_monsterinsights_sitenote_active":false,"_monsterinsights_sitenote_note":"","_monsterinsights_sitenote_category":0,"_uf_show_specific_survey":0,"_uf_disable_surveys":false},"product_brand":[],"product_cat":[23],"product_tag":[50,54,52,53,74,73,75,55],"class_list":{"0":"post-346","1":"product","2":"type-product","3":"status-publish","4":"has-post-thumbnail","6":"product_cat-snacksit","7":"product_tag-gluteeniton","8":"product_tag-kuitupitoinen","9":"product_tag-pahkinaton","10":"product_tag-proteiinipitoinen","11":"product_tag-snacks","12":"product_tag-suolattu","13":"product_tag-valipala","14":"product_tag-vegaaninen","16":"first","17":"instock","18":"taxable","19":"shipping-taxable","20":"purchasable","21":"product-type-variable"},"aioseo_notices":[],"_links":{"self":[{"href":"https:\/\/www.voimapapu.fi\/en\/wp-json\/wp\/v2\/product\/346","targetHints":{"allow":["GET"]}}],"collection":[{"href":"https:\/\/www.voimapapu.fi\/en\/wp-json\/wp\/v2\/product"}],"about":[{"href":"https:\/\/www.voimapapu.fi\/en\/wp-json\/wp\/v2\/types\/product"}],"replies":[{"embeddable":true,"href":"https:\/\/www.voimapapu.fi\/en\/wp-json\/wp\/v2\/comments?post=346"}],"wp:featuredmedia":[{"embeddable":true,"href":"https:\/\/www.voimapapu.fi\/en\/wp-json\/wp\/v2\/media\/349"}],"wp:attachment":[{"href":"https:\/\/www.voimapapu.fi\/en\/wp-json\/wp\/v2\/media?parent=346"}],"wp:term":[{"taxonomy":"product_brand","embeddable":true,"href":"https:\/\/www.voimapapu.fi\/en\/wp-json\/wp\/v2\/product_brand?post=346"},{"taxonomy":"product_cat","embeddable":true,"href":"https:\/\/www.voimapapu.fi\/en\/wp-json\/wp\/v2\/product_cat?post=346"},{"taxonomy":"product_tag","embeddable":true,"href":"https:\/\/www.voimapapu.fi\/en\/wp-json\/wp\/v2\/product_tag?post=346"}],"curies":[{"name":"wp","href":"https:\/\/api.w.org\/{rel}","templated":true}]}}