{"id":361,"date":"2024-04-21T13:35:32","date_gmt":"2024-04-21T10:35:32","guid":{"rendered":"https:\/\/www.voimapapu.fi\/?post_type=product&#038;p=361"},"modified":"2026-02-09T18:37:57","modified_gmt":"2026-02-09T16:37:57","slug":"isannan-potku-chili","status":"publish","type":"product","link":"https:\/\/www.voimapapu.fi\/en\/product\/isannan-potku-chili\/","title":{"rendered":"VOIMA-PAPU Chilinen Is\u00e4nn\u00e4n Potku h\u00e4rk\u00e4papu snack \/ krutonki"},"content":{"rendered":"<p>Ainesosat: H\u00e4rk\u00e4papu ja mausteet (Chili, Valkosipuli, cayennepippuri ja suola)<br \/>\nIngredienser: Bondb\u00f6nor och kryddor (Chili, vitl\u00f6k, cayennepeppar och salt)<\/p>\n<p>100g ravinto-arvot\/ N\u00e4ringsv\u00e4rde: energiaa\/energi 1416 kJ \/ 338kcal rasvaa\/fett 2,1g, josta tyydyttyneit\u00e4 rasvahappoja\/varav m\u00e4ttade fettsyror 0,2g hiilihydraatteja\/kolhydrater 42,2g sokeria\/socker 5,7g, Kuitua\/fiber 14,5% Proteiini 28,6% suola\/ salt 1,8g Voimakas suolainen\/Kraftigt saltad, Ei lis\u00e4tty\u00e4 sokeria\/inte tillsatt socker<\/p>\n<p>Gluteeniton, Vegaaninen, P\u00e4hkin\u00e4t\u00f6n, Proteiinipitoinen ja Kuitupitoinen.<\/p>\n<p>Pakkaus mahdollista kierr\u00e4tt\u00e4\u00e4 paperin ker\u00e4yksess\u00e4.<\/p>\n<p>Keskon varasto tuotteena, on mahdollista saada kaikkiin K-Kauppoihin my\u00f6s. Pyyd\u00e4 siis halutettasi omaan l\u00e4hikauppaasi.<br \/>\nean: 6430066540549<\/p>","protected":false},"excerpt":{"rendered":"<p>Chilinen h\u00e4rk\u00e4papupallo, rapea snacks 130g, hiukan cayannepippuri potkaisee per\u00e4st\u00e4, eritt\u00e4in hyv\u00e4 tuote salaattiin ja ruokiin lisukkeeksi monipuolistamaan ruokaa ja kivenn\u00e4isaineiden saantia.<br \/>\nFinska Chili Bondb\u00f6nor 130 g<\/p>\n<p>Soveltuu hyvin vegaanisuuden takia korvaamaan lihaa salaattiin, keittoon tai krutongin tilalle. T\u00e4m\u00e4 tehtiin korvaamaan juustosnacksit terveelliseksi naposteltavaksi elokuvailtaan. Tuotteessa on proteiinia 28,6% ja kun k\u00e4yt\u00e4mme koko h\u00e4rk\u00e4pavun niin kuitujakin on runsaasti.<\/p>","protected":false},"featured_media":362,"comment_status":"closed","ping_status":"closed","template":"","meta":{"_monsterinsights_skip_tracking":false,"_monsterinsights_sitenote_active":false,"_monsterinsights_sitenote_note":"","_monsterinsights_sitenote_category":0,"_uf_show_specific_survey":0,"_uf_disable_surveys":false},"product_brand":[],"product_cat":[20,23],"product_tag":[281,50,49,54,52,53,74,75,55],"class_list":{"0":"post-361","1":"product","2":"type-product","3":"status-publish","4":"has-post-thumbnail","6":"product_cat-ruoanlaitto","7":"product_cat-snacksit","8":"product_tag-alzheimer","9":"product_tag-gluteeniton","10":"product_tag-harkapapu","11":"product_tag-kuitupitoinen","12":"product_tag-pahkinaton","13":"product_tag-proteiinipitoinen","14":"product_tag-snacks","15":"product_tag-valipala","16":"product_tag-vegaaninen","18":"first","19":"instock","20":"taxable","21":"shipping-taxable","22":"purchasable","23":"product-type-simple"},"aioseo_notices":[],"_links":{"self":[{"href":"https:\/\/www.voimapapu.fi\/en\/wp-json\/wp\/v2\/product\/361","targetHints":{"allow":["GET"]}}],"collection":[{"href":"https:\/\/www.voimapapu.fi\/en\/wp-json\/wp\/v2\/product"}],"about":[{"href":"https:\/\/www.voimapapu.fi\/en\/wp-json\/wp\/v2\/types\/product"}],"replies":[{"embeddable":true,"href":"https:\/\/www.voimapapu.fi\/en\/wp-json\/wp\/v2\/comments?post=361"}],"wp:featuredmedia":[{"embeddable":true,"href":"https:\/\/www.voimapapu.fi\/en\/wp-json\/wp\/v2\/media\/362"}],"wp:attachment":[{"href":"https:\/\/www.voimapapu.fi\/en\/wp-json\/wp\/v2\/media?parent=361"}],"wp:term":[{"taxonomy":"product_brand","embeddable":true,"href":"https:\/\/www.voimapapu.fi\/en\/wp-json\/wp\/v2\/product_brand?post=361"},{"taxonomy":"product_cat","embeddable":true,"href":"https:\/\/www.voimapapu.fi\/en\/wp-json\/wp\/v2\/product_cat?post=361"},{"taxonomy":"product_tag","embeddable":true,"href":"https:\/\/www.voimapapu.fi\/en\/wp-json\/wp\/v2\/product_tag?post=361"}],"curies":[{"name":"wp","href":"https:\/\/api.w.org\/{rel}","templated":true}]}}