{"id":363,"date":"2024-04-21T17:13:46","date_gmt":"2024-04-21T14:13:46","guid":{"rendered":"https:\/\/www.voimapapu.fi\/?post_type=product&#038;p=363"},"modified":"2026-02-09T18:31:17","modified_gmt":"2026-02-09T16:31:17","slug":"emannan-laimasy","status":"publish","type":"product","link":"https:\/\/www.voimapapu.fi\/en\/product\/emannan-laimasy\/","title":{"rendered":"VOIMA-PAPU Sitruunapippurinen Em\u00e4nn\u00e4n L\u00e4im\u00e4sy salaatteihin tai naposteltavaksi"},"content":{"rendered":"<p>Ainesosat: H\u00e4rk\u00e4papu, hamppuproteiini ja mausteet (sitruunapippuri mausteseos)<br \/>\nIngredienser: Bondb\u00f6nor, hampaprotein och kryddor (citronpeppar kryddblandning)<\/p>\n<p>Proteiini 34,6% ja kuitu 12%<br \/>\nProtein 34,6% och kostfiber 12%<\/p>\n<p>Gluteeniton, P\u00e4hkin\u00e4t\u00f6n ja Vegaaninen, my\u00f6s eritt\u00e4in proteiinipitoinen ja kuitupitoinen h\u00e4rk\u00e4papu pallo snack, t\u00e4m\u00e4 on tehty ihan sipsin korvikkeeksi, sen takia Voimakassuolainen.<\/p>\n<p>Pakkaus kierr\u00e4tett\u00e4viss\u00e4 paperiker\u00e4ykseen<\/p>\n<p>Mahdollista saada K-Kauppoihin, Keskon varasto tuote<\/p>\n<p>ean: 6430066540600<\/p>","protected":false},"excerpt":{"rendered":"<p>Sitruunapippurinen, maustettu rapea h\u00e4rk\u00e4papu snacks tai salaattiin tuomaan proteiinia ja kuitua. Sis\u00e4lt\u00e4\u00e4 hamppuproteiinia my\u00f6s joka tukee monipuolisempaa aminohappo-koostumusta. Uudelleensuljettavassa pussissa jonka voi kierr\u00e4tt\u00e4\u00e4 paperinker\u00e4yksess\u00e4.<br \/>\nFinska citronsmak kryddiga Bondb\u00f6nor<\/p>\n<p>Sopii v\u00e4lipalaksi, mukaan retkelle tai elokuva-iltaan. Loistava my\u00f6s salaatin tai kasviskeiton proteiinilis\u00e4n\u00e4 kun proteiinia jopa 34,6%.<\/p>","protected":false},"featured_media":364,"comment_status":"closed","ping_status":"closed","template":"","meta":{"_monsterinsights_skip_tracking":false,"_monsterinsights_sitenote_active":false,"_monsterinsights_sitenote_note":"","_monsterinsights_sitenote_category":0,"_uf_show_specific_survey":0,"_uf_disable_surveys":false},"product_brand":[],"product_cat":[23],"product_tag":[321,50,323,49,324,47,322,52,308,74,75,55,167],"class_list":{"0":"post-363","1":"product","2":"type-product","3":"status-publish","4":"has-post-thumbnail","6":"product_cat-snacksit","7":"product_tag-emannan","8":"product_tag-gluteeniton","9":"product_tag-hamppuproteiini","10":"product_tag-harkapapu","11":"product_tag-keittoon","12":"product_tag-krutonki","13":"product_tag-laimasy","14":"product_tag-pahkinaton","15":"product_tag-salaattiin","16":"product_tag-snacks","17":"product_tag-valipala","18":"product_tag-vegaaninen","19":"product_tag-voima-papu","21":"first","22":"instock","23":"taxable","24":"shipping-taxable","25":"purchasable","26":"product-type-variable"},"aioseo_notices":[],"_links":{"self":[{"href":"https:\/\/www.voimapapu.fi\/en\/wp-json\/wp\/v2\/product\/363","targetHints":{"allow":["GET"]}}],"collection":[{"href":"https:\/\/www.voimapapu.fi\/en\/wp-json\/wp\/v2\/product"}],"about":[{"href":"https:\/\/www.voimapapu.fi\/en\/wp-json\/wp\/v2\/types\/product"}],"replies":[{"embeddable":true,"href":"https:\/\/www.voimapapu.fi\/en\/wp-json\/wp\/v2\/comments?post=363"}],"wp:featuredmedia":[{"embeddable":true,"href":"https:\/\/www.voimapapu.fi\/en\/wp-json\/wp\/v2\/media\/364"}],"wp:attachment":[{"href":"https:\/\/www.voimapapu.fi\/en\/wp-json\/wp\/v2\/media?parent=363"}],"wp:term":[{"taxonomy":"product_brand","embeddable":true,"href":"https:\/\/www.voimapapu.fi\/en\/wp-json\/wp\/v2\/product_brand?post=363"},{"taxonomy":"product_cat","embeddable":true,"href":"https:\/\/www.voimapapu.fi\/en\/wp-json\/wp\/v2\/product_cat?post=363"},{"taxonomy":"product_tag","embeddable":true,"href":"https:\/\/www.voimapapu.fi\/en\/wp-json\/wp\/v2\/product_tag?post=363"}],"curies":[{"name":"wp","href":"https:\/\/api.w.org\/{rel}","templated":true}]}}