{"id":365,"date":"2024-04-21T17:35:11","date_gmt":"2024-04-21T14:35:11","guid":{"rendered":"https:\/\/www.voimapapu.fi\/?post_type=product&#038;p=365"},"modified":"2026-01-29T18:06:30","modified_gmt":"2026-01-29T16:06:30","slug":"paulan-puutarhan-omenamehu-3l","status":"publish","type":"product","link":"https:\/\/www.voimapapu.fi\/en\/product\/paulan-puutarhan-omenamehu-3l\/","title":{"rendered":"Paulan Puutarhan Omenamehu 3L"},"content":{"rendered":"<p>100% suomalainen omena<br \/>\n100 % finsk \u00e4pple<\/p>\n<p><a href=\"https:\/\/www.paulanpuutarha.fi\/\" target=\"_blank\" rel=\"noopener\">Paulan Puutarhan sivuille<\/a><\/p>\n<p>Omenat\u00e4ysmehu s\u00e4ilyy hanapakkauksessa avaamattomana huoneenl\u00e4mm\u00f6ss\u00e4 parasta ennen -p\u00e4iv\u00e4ykseen saakka ja avattuna j\u00e4\u00e4kaapissa jopa 4 viikkoa. Mehu on valmistettu ilman s\u00e4il\u00f6nt\u00e4- ja lis\u00e4aineita.<\/p>","protected":false},"excerpt":{"rendered":"<p>Achr\u00e9nin Omenat\u00e4ysmehua 3L hanapakkaus<\/p>\n<p>Achr\u00e9ns \u00c4ppeljuice 3L kranf\u00f6rpackning<\/p>\n<p>Nauti Angelniemell\u00e4 kypsyneiden omenoiden makeista aromeista ja vitamiineista suoraan tilalta. Paulan puutarha sijaitsee vain kivenheiton p\u00e4\u00e4ss\u00e4 Karviaisten tilasta.<\/p>","protected":false},"featured_media":366,"comment_status":"closed","ping_status":"closed","template":"","meta":{"_monsterinsights_skip_tracking":false,"_monsterinsights_sitenote_active":false,"_monsterinsights_sitenote_note":"","_monsterinsights_sitenote_category":0,"_uf_show_specific_survey":0,"_uf_disable_surveys":false},"product_brand":[],"product_cat":[22,15],"product_tag":[79,78,77,305,307,306],"class_list":{"0":"post-365","1":"product","2":"type-product","3":"status-publish","4":"has-post-thumbnail","6":"product_cat-aamiainen","7":"product_cat-muut","8":"product_tag-angelniemi","9":"product_tag-lahiruoka","10":"product_tag-omena","11":"product_tag-omenamehu","12":"product_tag-puristettumehu","13":"product_tag-tuoremehu","15":"first","16":"instock","17":"taxable","18":"shipping-taxable","19":"purchasable","20":"product-type-simple"},"aioseo_notices":[],"_links":{"self":[{"href":"https:\/\/www.voimapapu.fi\/en\/wp-json\/wp\/v2\/product\/365","targetHints":{"allow":["GET"]}}],"collection":[{"href":"https:\/\/www.voimapapu.fi\/en\/wp-json\/wp\/v2\/product"}],"about":[{"href":"https:\/\/www.voimapapu.fi\/en\/wp-json\/wp\/v2\/types\/product"}],"replies":[{"embeddable":true,"href":"https:\/\/www.voimapapu.fi\/en\/wp-json\/wp\/v2\/comments?post=365"}],"wp:featuredmedia":[{"embeddable":true,"href":"https:\/\/www.voimapapu.fi\/en\/wp-json\/wp\/v2\/media\/366"}],"wp:attachment":[{"href":"https:\/\/www.voimapapu.fi\/en\/wp-json\/wp\/v2\/media?parent=365"}],"wp:term":[{"taxonomy":"product_brand","embeddable":true,"href":"https:\/\/www.voimapapu.fi\/en\/wp-json\/wp\/v2\/product_brand?post=365"},{"taxonomy":"product_cat","embeddable":true,"href":"https:\/\/www.voimapapu.fi\/en\/wp-json\/wp\/v2\/product_cat?post=365"},{"taxonomy":"product_tag","embeddable":true,"href":"https:\/\/www.voimapapu.fi\/en\/wp-json\/wp\/v2\/product_tag?post=365"}],"curies":[{"name":"wp","href":"https:\/\/api.w.org\/{rel}","templated":true}]}}