{"id":377,"date":"2024-04-21T18:36:45","date_gmt":"2024-04-21T15:36:45","guid":{"rendered":"https:\/\/www.voimapapu.fi\/?post_type=product&#038;p=377"},"modified":"2024-12-13T09:57:21","modified_gmt":"2024-12-13T07:57:21","slug":"lahjapakkaus-papu-4kpl","status":"publish","type":"product","link":"https:\/\/www.voimapapu.fi\/en\/product\/lahjapakkaus-papu-4kpl\/","title":{"rendered":"VOIMA-PAPU Lahjapakkaus (4 erilaista tuotetta)"},"content":{"rendered":"<p><a href=\"https:\/\/www.voimapapu.fi\/en\/product\/voima-papu-muro\/\" target=\"_blank\" rel=\"noopener\">VOIMA-PAPU Maustamaton Muro 200 g<br \/>\n<\/a><a href=\"https:\/\/www.voimapapu.fi\/en\/product\/isannan-potku-chili\/\" target=\"_blank\" rel=\"noopener\">VOIMA-PAPU Is\u00e4nn\u00e4n Potku 130g<\/a><br \/>\n<a href=\"https:\/\/www.voimapapu.fi\/en\/product\/emannan-laimasy\/\" target=\"_blank\" rel=\"noopener\">VOIMA-PAPU\u00a0Em\u00e4nn\u00e4n L\u00e4im\u00e4sy 120 g<\/a><br \/>\n<a href=\"https:\/\/www.voimapapu.fi\/en\/product\/paahdettu-suolattu-harkapapu\/\" target=\"_blank\" rel=\"noopener\">VOIMA-PAPU Paahdettu suolainen h\u00e4rk\u00e4papu 120g<\/a><\/p>\n<p>Gluteeniton<\/p>","protected":false},"excerpt":{"rendered":"<p>Tilaa itsellesi tai anna lahjaksi 4 erilaista h\u00e4rk\u00e4paputuotetta!<br \/>\nValikoituja h\u00e4rk\u00e4paputuotteita lahjapakkauksessa: suolaisia naposteltavia sek\u00e4 monik\u00e4ytt\u00f6inen aamiaisp\u00f6yd\u00e4n muro tai salaattiannoksen proteiinilis\u00e4.<\/p>\n<p>T\u00e4m\u00e4 paketoituna sellofaaniin tai suljettuun mustaan laatikkoon. Laita tieto tilauksen lis\u00e4tieto kentt\u00e4\u00e4n.<\/p>","protected":false},"featured_media":765,"comment_status":"closed","ping_status":"closed","template":"","meta":{"_monsterinsights_skip_tracking":false,"_monsterinsights_sitenote_active":false,"_monsterinsights_sitenote_note":"","_monsterinsights_sitenote_category":0,"_uf_show_specific_survey":0,"_uf_disable_surveys":false},"product_brand":[],"product_cat":[22,24,15,23],"product_tag":[71,50,115,49,59,80,116,117,75,118,114],"class_list":{"0":"post-377","1":"product","2":"type-product","3":"status-publish","4":"has-post-thumbnail","6":"product_cat-aamiainen","7":"product_cat-lahjapakkaukset","8":"product_cat-muut","9":"product_cat-snacksit","10":"product_tag-aamiainen","11":"product_tag-gluteeniton","12":"product_tag-glutenfree","13":"product_tag-harkapapu","14":"product_tag-herkuttelu","15":"product_tag-maistelu","16":"product_tag-terveellinen","17":"product_tag-terveellinen-aamiainen","18":"product_tag-valipala","19":"product_tag-vegan","20":"product_tag-yrityslahja","22":"first","23":"instock","24":"featured","25":"taxable","26":"shipping-taxable","27":"purchasable","28":"product-type-simple"},"aioseo_notices":[],"_links":{"self":[{"href":"https:\/\/www.voimapapu.fi\/en\/wp-json\/wp\/v2\/product\/377","targetHints":{"allow":["GET"]}}],"collection":[{"href":"https:\/\/www.voimapapu.fi\/en\/wp-json\/wp\/v2\/product"}],"about":[{"href":"https:\/\/www.voimapapu.fi\/en\/wp-json\/wp\/v2\/types\/product"}],"replies":[{"embeddable":true,"href":"https:\/\/www.voimapapu.fi\/en\/wp-json\/wp\/v2\/comments?post=377"}],"wp:featuredmedia":[{"embeddable":true,"href":"https:\/\/www.voimapapu.fi\/en\/wp-json\/wp\/v2\/media\/765"}],"wp:attachment":[{"href":"https:\/\/www.voimapapu.fi\/en\/wp-json\/wp\/v2\/media?parent=377"}],"wp:term":[{"taxonomy":"product_brand","embeddable":true,"href":"https:\/\/www.voimapapu.fi\/en\/wp-json\/wp\/v2\/product_brand?post=377"},{"taxonomy":"product_cat","embeddable":true,"href":"https:\/\/www.voimapapu.fi\/en\/wp-json\/wp\/v2\/product_cat?post=377"},{"taxonomy":"product_tag","embeddable":true,"href":"https:\/\/www.voimapapu.fi\/en\/wp-json\/wp\/v2\/product_tag?post=377"}],"curies":[{"name":"wp","href":"https:\/\/api.w.org\/{rel}","templated":true}]}}