{"id":378,"date":"2024-04-21T18:45:10","date_gmt":"2024-04-21T15:45:10","guid":{"rendered":"https:\/\/www.voimapapu.fi\/?post_type=product&#038;p=378"},"modified":"2026-01-18T12:12:52","modified_gmt":"2026-01-18T10:12:52","slug":"voima-papu-lahjakortti","status":"publish","type":"product","link":"https:\/\/www.voimapapu.fi\/en\/product\/voima-papu-lahjakortti\/","title":{"rendered":"VOIMA-PAPU Lahjakortti"},"content":{"rendered":"","protected":false},"excerpt":{"rendered":"<p>Lahjakortilla voit hankkia haluamiasi tuotteita kyseisen summan edest\u00e4. Lahjakortin voimme l\u00e4hett\u00e4\u00e4 my\u00f6s suoraan lahjan saajalle postitse.<\/p>","protected":false},"featured_media":395,"comment_status":"closed","ping_status":"closed","template":"","meta":{"_monsterinsights_skip_tracking":false,"_monsterinsights_sitenote_active":false,"_monsterinsights_sitenote_note":"","_monsterinsights_sitenote_category":0,"_uf_show_specific_survey":0,"_uf_disable_surveys":false},"product_brand":[],"product_cat":[24,15],"product_tag":[59,78,64,282,283,175],"class_list":{"0":"post-378","1":"product","2":"type-product","3":"status-publish","4":"has-post-thumbnail","6":"product_cat-lahjapakkaukset","7":"product_cat-muut","8":"product_tag-herkuttelu","9":"product_tag-lahiruoka","10":"product_tag-lahja","11":"product_tag-lahjakortti","12":"product_tag-lahjakorttiverkosta","13":"product_tag-verkkokauppa","15":"first","16":"instock","17":"virtual","18":"taxable","19":"purchasable","20":"product-type-simple"},"aioseo_notices":[],"_links":{"self":[{"href":"https:\/\/www.voimapapu.fi\/en\/wp-json\/wp\/v2\/product\/378","targetHints":{"allow":["GET"]}}],"collection":[{"href":"https:\/\/www.voimapapu.fi\/en\/wp-json\/wp\/v2\/product"}],"about":[{"href":"https:\/\/www.voimapapu.fi\/en\/wp-json\/wp\/v2\/types\/product"}],"replies":[{"embeddable":true,"href":"https:\/\/www.voimapapu.fi\/en\/wp-json\/wp\/v2\/comments?post=378"}],"wp:featuredmedia":[{"embeddable":true,"href":"https:\/\/www.voimapapu.fi\/en\/wp-json\/wp\/v2\/media\/395"}],"wp:attachment":[{"href":"https:\/\/www.voimapapu.fi\/en\/wp-json\/wp\/v2\/media?parent=378"}],"wp:term":[{"taxonomy":"product_brand","embeddable":true,"href":"https:\/\/www.voimapapu.fi\/en\/wp-json\/wp\/v2\/product_brand?post=378"},{"taxonomy":"product_cat","embeddable":true,"href":"https:\/\/www.voimapapu.fi\/en\/wp-json\/wp\/v2\/product_cat?post=378"},{"taxonomy":"product_tag","embeddable":true,"href":"https:\/\/www.voimapapu.fi\/en\/wp-json\/wp\/v2\/product_tag?post=378"}],"curies":[{"name":"wp","href":"https:\/\/api.w.org\/{rel}","templated":true}]}}