{"id":388,"date":"2024-06-09T17:36:37","date_gmt":"2024-06-09T14:36:37","guid":{"rendered":"https:\/\/www.voimapapu.fi\/?post_type=product&#038;p=388"},"modified":"2026-01-26T13:59:03","modified_gmt":"2026-01-26T11:59:03","slug":"sihtijauho","status":"publish","type":"product","link":"https:\/\/www.voimapapu.fi\/en\/product\/sihtijauho\/","title":{"rendered":"VOIMA-PAPU h\u00e4rk\u00e4papu t\u00e4rkkelys"},"content":{"rendered":"<p>Ainesosat: h\u00e4rk\u00e4papu 100%<br \/>\nIngredienser: bondb\u00f6nor 100%<\/p>\n<p>Gluteeniton. p\u00e4hkin\u00e4t\u00f6n ja eritt\u00e4in proteiinipitoinen jauho, hiukan v\u00e4hemm\u00e4n kuitua mutta kuitenkin huomattavasti.<\/p>\n<p>Ravinto-arvot\/N\u00e4ringsv\u00e4rde: Energia\/Energi 1384kJ \/ 331 kcal, rasvaa\/Fett 1,9g josta tyydyttyneit\u00e4 rasvahappoja\/varav m\u00e4ttade fettsyror 0,2g, hiilihydraattia\/Kolhydrater 42,2g josta sokeria\/varav socker 5,7g, ravintokuitua\/kostfiber 14,5g, proteiinia\/protein 23,1g, suola\/Salt 0,0065g<\/p>\n<p>&nbsp;<\/p>","protected":false},"excerpt":{"rendered":"<p>Eritt\u00e4in hieno h\u00e4rk\u00e4paput\u00e4rkkelys eli sihtijauho (perunajauhon tai maissit\u00e4rkkelyksen kaltaista), t\u00e4rkkelys k\u00e4ytt\u00f6\u00f6n todella hyv\u00e4. Kastikkeisiin proteiinipitoinen gluteeniton suurustin tai sakeutin.\u00a0 Sopii my\u00f6s leivontaan perunajauhon tilalle kaikkeen miss\u00e4 tapahtuu my\u00f6s kuumennus. Kuumennuksen ansiosta hernem\u00e4inen maku h\u00e4vi\u00e4\u00e4 kokonaan.<br \/>\nFin bondb\u00f6namj\u00f6l (som potatismj\u00f6l)<\/p>","protected":false},"featured_media":2653,"comment_status":"closed","ping_status":"closed","template":"","meta":{"_monsterinsights_skip_tracking":false,"_monsterinsights_sitenote_active":false,"_monsterinsights_sitenote_note":"","_monsterinsights_sitenote_category":0,"_uf_show_specific_survey":0,"_uf_disable_surveys":false},"product_brand":[],"product_cat":[21,20],"product_tag":[49,68,66,287,67,284,285,286],"class_list":{"0":"post-388","1":"product","2":"type-product","3":"status-publish","4":"has-post-thumbnail","6":"product_cat-leivonta","7":"product_cat-ruoanlaitto","8":"product_tag-harkapapu","9":"product_tag-harkapapujauho","10":"product_tag-jauho","11":"product_tag-kastikkeisiin","12":"product_tag-leivonta","13":"product_tag-maissitarkkelys","14":"product_tag-perunajauho","15":"product_tag-suurustamiseen","17":"first","18":"instock","19":"taxable","20":"shipping-taxable","21":"purchasable","22":"product-type-variable","23":"has-default-attributes"},"aioseo_notices":[],"_links":{"self":[{"href":"https:\/\/www.voimapapu.fi\/en\/wp-json\/wp\/v2\/product\/388","targetHints":{"allow":["GET"]}}],"collection":[{"href":"https:\/\/www.voimapapu.fi\/en\/wp-json\/wp\/v2\/product"}],"about":[{"href":"https:\/\/www.voimapapu.fi\/en\/wp-json\/wp\/v2\/types\/product"}],"replies":[{"embeddable":true,"href":"https:\/\/www.voimapapu.fi\/en\/wp-json\/wp\/v2\/comments?post=388"}],"wp:featuredmedia":[{"embeddable":true,"href":"https:\/\/www.voimapapu.fi\/en\/wp-json\/wp\/v2\/media\/2653"}],"wp:attachment":[{"href":"https:\/\/www.voimapapu.fi\/en\/wp-json\/wp\/v2\/media?parent=388"}],"wp:term":[{"taxonomy":"product_brand","embeddable":true,"href":"https:\/\/www.voimapapu.fi\/en\/wp-json\/wp\/v2\/product_brand?post=388"},{"taxonomy":"product_cat","embeddable":true,"href":"https:\/\/www.voimapapu.fi\/en\/wp-json\/wp\/v2\/product_cat?post=388"},{"taxonomy":"product_tag","embeddable":true,"href":"https:\/\/www.voimapapu.fi\/en\/wp-json\/wp\/v2\/product_tag?post=388"}],"curies":[{"name":"wp","href":"https:\/\/api.w.org\/{rel}","templated":true}]}}