{"id":481,"date":"2024-08-22T16:36:26","date_gmt":"2024-08-22T13:36:26","guid":{"rendered":"https:\/\/www.voimapapu.fi\/?post_type=product&#038;p=481"},"modified":"2026-03-21T13:53:04","modified_gmt":"2026-03-21T11:53:04","slug":"fermentoitu-500g","status":"publish","type":"product","link":"https:\/\/www.voimapapu.fi\/en\/product\/fermentoitu-500g\/","title":{"rendered":"Urheilullinen fermentoitu h\u00e4rk\u00e4papumuru 500g"},"content":{"rendered":"<p>Vatsayst\u00e4v\u00e4llinen luonollinen kotimainen kasviproteiinin l\u00e4hde h\u00e4rk\u00e4pavusta saatavilla nyt <strong>koe<\/strong> myynniss\u00e4 500g pakkauksessa.<br \/>\nAinesosat: kotimainen h\u00e4rk\u00e4papu.<\/p>","protected":false},"excerpt":{"rendered":"<p>Urheilullinen ja vatsaa helliv\u00e4 fermentoitu sihtaamaton h\u00e4rk\u00e4papurouhe ruuanlaittoon tai lisukkeeksi, heti valmis k\u00e4ytett\u00e4v\u00e4ksi. Mieto talkkunamainen maku. Luontaisesti gluteeniton (ei viel\u00e4 testi tuloksia tulleet). Menee my\u00f6s retkiruokiin ja smoothieisiin. N\u00e4in fermentoimalla eli hapattamalla saadaan rikottua h\u00e4rk\u00e4pavun t\u00e4rkkelyst\u00e4, maku tulee eritt\u00e4in miedoksi.<\/p>\n<p>Proteiinia 35% sek\u00e4 hiilihydraatin m\u00e4\u00e4r\u00e4 vain 18% josta sokerit alle 3% ja ravintokuituja 18%<\/p>","protected":false},"featured_media":2804,"comment_status":"closed","ping_status":"closed","template":"","meta":{"_monsterinsights_skip_tracking":false,"_monsterinsights_sitenote_active":false,"_monsterinsights_sitenote_note":"","_monsterinsights_sitenote_category":0,"_uf_show_specific_survey":0,"_uf_disable_surveys":false},"product_brand":[],"product_cat":[22,20],"product_tag":[332,335,50,333,334,175,167],"class_list":{"0":"post-481","1":"product","2":"type-product","3":"status-publish","4":"has-post-thumbnail","6":"product_cat-aamiainen","7":"product_cat-ruoanlaitto","8":"product_tag-fermentoitu","9":"product_tag-fermentoitu-harkapapu","10":"product_tag-gluteeniton","11":"product_tag-keto","12":"product_tag-ketoruoka","13":"product_tag-verkkokauppa","14":"product_tag-voima-papu","16":"first","17":"instock","18":"taxable","19":"shipping-taxable","20":"purchasable","21":"product-type-simple"},"aioseo_notices":[],"_links":{"self":[{"href":"https:\/\/www.voimapapu.fi\/en\/wp-json\/wp\/v2\/product\/481","targetHints":{"allow":["GET"]}}],"collection":[{"href":"https:\/\/www.voimapapu.fi\/en\/wp-json\/wp\/v2\/product"}],"about":[{"href":"https:\/\/www.voimapapu.fi\/en\/wp-json\/wp\/v2\/types\/product"}],"replies":[{"embeddable":true,"href":"https:\/\/www.voimapapu.fi\/en\/wp-json\/wp\/v2\/comments?post=481"}],"wp:featuredmedia":[{"embeddable":true,"href":"https:\/\/www.voimapapu.fi\/en\/wp-json\/wp\/v2\/media\/2804"}],"wp:attachment":[{"href":"https:\/\/www.voimapapu.fi\/en\/wp-json\/wp\/v2\/media?parent=481"}],"wp:term":[{"taxonomy":"product_brand","embeddable":true,"href":"https:\/\/www.voimapapu.fi\/en\/wp-json\/wp\/v2\/product_brand?post=481"},{"taxonomy":"product_cat","embeddable":true,"href":"https:\/\/www.voimapapu.fi\/en\/wp-json\/wp\/v2\/product_cat?post=481"},{"taxonomy":"product_tag","embeddable":true,"href":"https:\/\/www.voimapapu.fi\/en\/wp-json\/wp\/v2\/product_tag?post=481"}],"curies":[{"name":"wp","href":"https:\/\/api.w.org\/{rel}","templated":true}]}}