{"id":551,"date":"2024-10-01T16:12:13","date_gmt":"2024-10-01T13:12:13","guid":{"rendered":"https:\/\/www.voimapapu.fi\/?post_type=product&#038;p=551"},"modified":"2024-10-01T16:32:45","modified_gmt":"2024-10-01T13:32:45","slug":"makuhunaja-rommi-150g","status":"publish","type":"product","link":"https:\/\/www.voimapapu.fi\/en\/product\/makuhunaja-rommi-150g\/","title":{"rendered":"Maku &#038; hunaja Rommi 150g"},"content":{"rendered":"<p>Ravintoarvo 100g:<\/p>\n<p>energia 1382kJ (330kcal)<br \/>\nproteiini 0,5g<br \/>\nhiilihydraatti\u00a080,8g<br \/>\nrasva 0g<\/p>","protected":false},"excerpt":{"rendered":"<p>Rommiaromilla maustettu makea rommihunaja.\u00a0Sopii leivontaan, j\u00e4\u00e4tel\u00f6n kanssa, tai l\u00e4mpimiin juomiin.<br \/>\nHunaja-Aitan tuotteet valmistetaan Hunaja-Aitan tuottamasta suomalaisesta premium hunajasta.<\/p>","protected":false},"featured_media":548,"comment_status":"closed","ping_status":"closed","template":"","meta":{"_monsterinsights_skip_tracking":false,"_monsterinsights_sitenote_active":false,"_monsterinsights_sitenote_note":"","_monsterinsights_sitenote_category":0,"_uf_show_specific_survey":0,"_uf_disable_surveys":false},"product_brand":[],"product_cat":[15],"product_tag":[83,101,78,106],"class_list":{"0":"post-551","1":"product","2":"type-product","3":"status-publish","4":"has-post-thumbnail","6":"product_cat-muut","7":"product_tag-hunaja","8":"product_tag-hunaja-aitta","9":"product_tag-lahiruoka","10":"product_tag-rommi","12":"first","13":"instock","14":"taxable","15":"shipping-taxable","16":"purchasable","17":"product-type-simple"},"aioseo_notices":[],"_links":{"self":[{"href":"https:\/\/www.voimapapu.fi\/en\/wp-json\/wp\/v2\/product\/551","targetHints":{"allow":["GET"]}}],"collection":[{"href":"https:\/\/www.voimapapu.fi\/en\/wp-json\/wp\/v2\/product"}],"about":[{"href":"https:\/\/www.voimapapu.fi\/en\/wp-json\/wp\/v2\/types\/product"}],"replies":[{"embeddable":true,"href":"https:\/\/www.voimapapu.fi\/en\/wp-json\/wp\/v2\/comments?post=551"}],"wp:featuredmedia":[{"embeddable":true,"href":"https:\/\/www.voimapapu.fi\/en\/wp-json\/wp\/v2\/media\/548"}],"wp:attachment":[{"href":"https:\/\/www.voimapapu.fi\/en\/wp-json\/wp\/v2\/media?parent=551"}],"wp:term":[{"taxonomy":"product_brand","embeddable":true,"href":"https:\/\/www.voimapapu.fi\/en\/wp-json\/wp\/v2\/product_brand?post=551"},{"taxonomy":"product_cat","embeddable":true,"href":"https:\/\/www.voimapapu.fi\/en\/wp-json\/wp\/v2\/product_cat?post=551"},{"taxonomy":"product_tag","embeddable":true,"href":"https:\/\/www.voimapapu.fi\/en\/wp-json\/wp\/v2\/product_tag?post=551"}],"curies":[{"name":"wp","href":"https:\/\/api.w.org\/{rel}","templated":true}]}}