{"id":763,"date":"2024-12-13T09:34:23","date_gmt":"2024-12-13T07:34:23","guid":{"rendered":"https:\/\/www.voimapapu.fi\/?post_type=product&#038;p=763"},"modified":"2024-12-13T09:46:01","modified_gmt":"2024-12-13T07:46:01","slug":"2-tuotteen-joulupaketti","status":"publish","type":"product","link":"https:\/\/www.voimapapu.fi\/en\/product\/2-tuotteen-joulupaketti\/","title":{"rendered":"2 tuotteen Joulupaketti"},"content":{"rendered":"<p>Herkullinen aamupala paketti<\/p>","protected":false},"excerpt":{"rendered":"<p>Jouluinen lahjaidea Salolaisista tuotteista<\/p>\n<p>Pakkaus sis\u00e4lt\u00e4\u00e4:<br \/>\n<a href=\"https:\/\/www.voimapapu.fi\/en\/product\/voima-papu-muro\/\">VOIMA-PAPU Muro 200g<\/a><br \/>\nKolmen torpan hunaja 230g pikku tynnyri<\/p>","protected":false},"featured_media":764,"comment_status":"closed","ping_status":"closed","template":"","meta":{"_monsterinsights_skip_tracking":false,"_monsterinsights_sitenote_active":false,"_monsterinsights_sitenote_note":"","_monsterinsights_sitenote_category":0,"_uf_show_specific_survey":0,"_uf_disable_surveys":false},"product_brand":[],"product_cat":[24],"product_tag":[108,83,109,78,64,113,111,110,114],"class_list":{"0":"post-763","1":"product","2":"type-product","3":"status-publish","4":"has-post-thumbnail","6":"product_cat-lahjapakkaukset","7":"product_tag-glogi","8":"product_tag-hunaja","9":"product_tag-joulu","10":"product_tag-lahiruoka","11":"product_tag-lahja","12":"product_tag-lahjaidea","13":"product_tag-paketti","14":"product_tag-taateli","15":"product_tag-yrityslahja","17":"first","18":"instock","19":"taxable","20":"shipping-taxable","21":"purchasable","22":"product-type-simple"},"aioseo_notices":[],"_links":{"self":[{"href":"https:\/\/www.voimapapu.fi\/en\/wp-json\/wp\/v2\/product\/763","targetHints":{"allow":["GET"]}}],"collection":[{"href":"https:\/\/www.voimapapu.fi\/en\/wp-json\/wp\/v2\/product"}],"about":[{"href":"https:\/\/www.voimapapu.fi\/en\/wp-json\/wp\/v2\/types\/product"}],"replies":[{"embeddable":true,"href":"https:\/\/www.voimapapu.fi\/en\/wp-json\/wp\/v2\/comments?post=763"}],"wp:featuredmedia":[{"embeddable":true,"href":"https:\/\/www.voimapapu.fi\/en\/wp-json\/wp\/v2\/media\/764"}],"wp:attachment":[{"href":"https:\/\/www.voimapapu.fi\/en\/wp-json\/wp\/v2\/media?parent=763"}],"wp:term":[{"taxonomy":"product_brand","embeddable":true,"href":"https:\/\/www.voimapapu.fi\/en\/wp-json\/wp\/v2\/product_brand?post=763"},{"taxonomy":"product_cat","embeddable":true,"href":"https:\/\/www.voimapapu.fi\/en\/wp-json\/wp\/v2\/product_cat?post=763"},{"taxonomy":"product_tag","embeddable":true,"href":"https:\/\/www.voimapapu.fi\/en\/wp-json\/wp\/v2\/product_tag?post=763"}],"curies":[{"name":"wp","href":"https:\/\/api.w.org\/{rel}","templated":true}]}}